{"id":3111,"date":"2022-01-12T10:17:00","date_gmt":"2022-01-12T10:17:00","guid":{"rendered":"https:\/\/app-cprd-childfriendly.azurewebsites.net\/?page_id=3111"},"modified":"2022-12-14T11:26:38","modified_gmt":"2022-12-14T11:26:38","slug":"rhan_6","status":"publish","type":"page","link":"https:\/\/www.childfriendlycardiff.co.uk\/cy\/prosiectau\/llwybrau-stori\/coed_y_nant\/rhan_6\/","title":{"rendered":"Bag Llaw Mamgu &#8211; Rhan 6"},"content":{"rendered":"<div class=\"wpb-content-wrapper\"><p>[vc_row css_animation=&#8221;slideInUp&#8221;][vc_column][vc_column_text]<\/p>\n<audio class=\"wp-audio-shortcode\" id=\"audio-3111-1\" preload=\"none\" style=\"width: 100%;\" controls=\"controls\"><source type=\"audio\/mpeg\" src=\"https:\/\/www.childfriendlycardiff.co.uk\/wp-content\/uploads\/Bag-Llaw-6.mp3?_=1\" \/><a href=\"https:\/\/www.childfriendlycardiff.co.uk\/wp-content\/uploads\/Bag-Llaw-6.mp3\">https:\/\/www.childfriendlycardiff.co.uk\/wp-content\/uploads\/Bag-Llaw-6.mp3<\/a><\/audio>\n<p>[\/vc_column_text][\/vc_column][\/vc_row][vc_row css_animation=&#8221;slideInUp&#8221;][vc_column][vc_gmaps link=&#8221;#E-8_JTNDaWZyYW1lJTIwc3JjJTNEJTIyaHR0cHMlM0ElMkYlMkZ3d3cuZ29vZ2xlLmNvbSUyRm1hcHMlMkZkJTJGZW1iZWQlM0ZtaWQlM0QxRjhpLVBYUU9pbldjSFlfellpMUQ1OGlpTHZLT09JOCUyNmVoYmMlM0QyRTMxMkYlMjIlMjB3aWR0aCUzRCUyMjY0MCUyMiUyMGhlaWdodCUzRCUyMjQ4MCUyMiUzRSUzQyUyRmlmcmFtZSUzRQ==&#8221;][\/vc_column][\/vc_row][vc_row css_animation=&#8221;slideInUp&#8221;][vc_column css_animation=&#8221;slideInUp&#8221;][vc_column_text]Ychydig wythnosau wedyn aeth Mo a Mamgu \u00e2\u2019r broga bach i lawr at lan y m\u00f4r. Roedden nhw wedi eisiau gwneud yn si\u0175r ei bod hi wedi gwella\u2019n gyfan gwbl yn gyntaf, o\u2019i hanafiadau. Roedden nhw wedi ei chadw yn y bath yn nh\u0177 Mamgu, gyda digon o dd\u0175r a bwyd broga, yn ogystal \u00e2 phethau dirgel o\u2019r bag llaw, a phan roedd hi wedi gwella, roedd Mamgu wedi dweud ei bod hi\u2019n barod, a bod yr amser wedi dod.<\/p>\n<p>Fe wnaethon nhw ei rhoi hi yn y bag llaw, a mynd \u00e2 hi i lawr i\u2019r m\u00f4r, ar y bws, i Draeth Sblot.<\/p>\n<p>\u201cYdy hwn yn mynd i weithio?\u201d gofynnodd Mo i Mamgu.<\/p>\n<p>\u201cArhosa di,\u201d meddai Mamgu.<\/p>\n<p>Penliniodd Mo a thynnu\u2019r broga bach allan o fag llaw Mamgu. Daliodd hi yng nghledr ei law. Blinciodd arno gyda\u2019i llygaid broga mawr tywyll.<\/p>\n<p>\u201cBydd yn rhydd,\u201d meddai, a rhoddodd hi yn y m\u00f4r.<\/p>\n<p>Am eiliad doedd dim byd ond tonnau\u2019r m\u00f4r a phen bach broga yn siglo ar yr arwyneb. Ac wedyn, yn union fel roedd Mamgu wedi dweud, dyna lle oedd hi, yn ei holl ogoniant dreigiaidd, draig y m\u00f4r yr oedden nhw wedi\u2019i hachub o\u2019r llyn, yn union fel y bu cyn iddi lyncu\u2019r blodyn porffor.<\/p>\n<p>Trodd i edrych arnyn nhw am un tro olaf, plygu ei phen mawr ariannaidd mewn diolch, ac yna plymio i\u2019r m\u00f4r. Neidiodd uwchben y tonnau am un tro olaf, llawen, cyn diflannu, am byth, yn \u00f4l i\u2019r lle y daeth hi, lle\u2019r oedd hi bob amser wedi dyheu am fod.<\/p>\n<p>\u201cBant \u00e2 hi,\u201d meddai Mamgu, yn gyfforddus.<\/p>\n<p>Dyma nhw\u2019n dal y bws adref gyda\u2019i gilydd. Roedd Mamgu yn ffidlan yn ei bag llaw eto. Tynnodd diwb o fints allan a chynnig un i Mo, ond ni gymerodd ef un. Roedd yn ysu cael dweud rhywbeth.<\/p>\n<p>O\u2019r diwedd, dywedodd Mamgu, \u201cBe\u2019 sy\u2019?\u201d<\/p>\n<p>\u201cY swyn! Roeddwn i\u2019n meddwl \u2019nest ti ddweud bod yr swyn yn golygu bod yn rhaid cael ceidwad bob amser ar gyfer ogof drysor y brenin.&#8221;<\/p>\n<p>\u201cOes.\u201d<\/p>\n<p>\u201cFelly sut roedden ni\u2019n gallu mynd \u00e2\u2019r ddraig yn \u00f4l i\u2019r m\u00f4r a\u2019i rhyddhau hi?\u201d<\/p>\n<p>Gwenodd Mamgu w\u00ean lawn cyfrinachau. Cyffyrddodd \u00e2\u2019i bag llaw. Nid am y tro cyntaf, roedd Mo yn meddwl tybed pa gyfrinachau eraill oedd ganddi yno.<\/p>\n<p>\u201cDewch i ni ddweud na fydd e\u2019n ceisio unrhyw driciau i ddwyn y trysor eto.\u201d<\/p>\n<p>A dyma Mo yn deall o\u2019r diwedd.<\/p>\n<p>Pan roddodd y blodyn i\u2019r ddraig, roedd y swyn a\u2019i daliodd hi\u2019n dynn wedi\u2019i dorri. Ond roedd swyn yr ogof yr un mor gryf o hyd. Ac roedd yna un creadur byw wedi bod yn y llyn bryd hynny \u2013 y pysgotwr, wedi\u2019i daro dros ei ben gyda bag llaw Mamgu.<\/p>\n<p>\u201cFe sy\u2019 lawr \u2019na nawr, yndy e?\u201d meddai Mo. \u201cCeidwad yr ogof, dros y brenin. Ydy e\u2019n ddraig hefyd, nawr, neu wedi aros fel pysgotwr?\u201d<\/p>\n<p>\u201cMae\u2019n debyg na fyddwn ni byth yn gwybod,\u201d meddai Mamgu, ond roedd Mo yn meddwl \u00a0ei bod hi\u2019n gwybod yn iawn, oherwydd roedd Mamgu yn gwybod popeth.[\/vc_column_text][vc_single_image image=&#8221;3680&#8243; img_size=&#8221;medium&#8221; alignment=&#8221;center&#8221;][vc_raw_html]JTNDZGl2JTIwaWQlM0QlMjJzdG9yeXRyYWlsJTIyJTNFJTNDYSUyMGhyZWYlM0QlMjIlMkZjeSUyRnByb3NpZWN0YXUlMkZsbHd5YnJhdS1zdG9yaSUyRmNvZWRfeV9uYW50JTJGJTIyJTIwdGl0bGUlM0QlMjJMbHd5YnJhdSUyMEhhZmFuJTIyJTNFSGFmYW4lM0MlMkZhJTNFJTIwJTdDJTIwJTNDYSUyMGhyZWYlM0QlMjIlMkZjeSUyRnByb3NpZWN0YXUlMkZsbHd5YnJhdS1zdG9yaSUyRmNvZWRfeV9uYW50JTJGcmhhbl8xJTJGJTIyJTIwdGl0bGUlM0QlMjJFd2NoJTIwaSUyMHJoYW4lMjAxJTIyJTNFUmhhbiUyMDElM0MlMkZhJTNFJTIwJTdDJTIwJTNDYSUyMGhyZWYlM0QlMjIlMkZjeSUyRnByb3NpZWN0YXUlMkZsbHd5YnJhdS1zdG9yaSUyRmNvZWRfeV9uYW50JTJGcmhhbl8yJTJGJTIyJTIwdGl0bGUlM0QlMjJFd2NoJTIwaSUyMHJoYW4lMjAyJTIyJTNFUmhhbiUyMDIlM0MlMkZhJTNFJTIwJTdDJTIwJTNDYSUyMGhyZWYlM0QlMjIlMkZjeSUyRnByb3NpZWN0YXUlMkZsbHd5YnJhdS1zdG9yaSUyRmNvZWRfeV9uYW50JTJGcmhhbl8zJTJGJTIyJTIwdGl0bGUlM0QlMjJFd2NoJTIwaSUyMHJoYW4lMjAzJTIyJTNFUmhhbiUyMDMlM0MlMkZhJTNFJTIwJTdDJTIwJTNDYSUyMGhyZWYlM0QlMjIlMkZjeSUyRnByb3NpZWN0YXUlMkZsbHd5YnJhdS1zdG9yaSUyRmNvZWRfeV9uYW50JTJGcmhhbl80JTJGJTIyJTIwdGl0bGUlM0QlMjJFd2NoJTIwaSUyMHJoYW4lMjA0JTIyJTNFUmhhbiUyMDQlM0MlMkZhJTNFJTIwJTdDJTIwJTNDYSUyMGhyZWYlM0QlMjIlMkZjeSUyRnByb3NpZWN0YXUlMkZsbHd5YnJhdS1zdG9yaSUyRmNvZWRfeV9uYW50JTJGcmhhbl81JTJGJTIyJTIwdGl0bGUlM0QlMjJFd2NoJTIwaSUyMHJoYW4lMjA1JTIyJTNFUmhhbiUyMDUlM0MlMkZhJTNFJTIwJTdDJTIwJTNDYSUyMGNsYXNzJTNEJTIyYWN0aXZlJTIyJTIwaHJlZiUzRCUyMiUyRmN5JTJGcHJvc2llY3RhdSUyRmxsd3licmF1LXN0b3JpJTJGY29lZF95X25hbnQlMkZyaGFuXzYlMkYlMjIlMjB0aXRsZSUzRCUyMkV3Y2glMjBpJTIwcmhhbiUyMDYlMjIlM0VSaGFuJTIwNiUzQyUyRmElM0UlM0MlMkZkaXYlM0U=[\/vc_raw_html][vc_single_image image=&#8221;4710&#8243; img_size=&#8221;medium&#8221; alignment=&#8221;center&#8221; onclick=&#8221;custom_link&#8221; img_link_target=&#8221;_blank&#8221; link=&#8221;https:\/\/makeyourmove.org.uk\/&#8221;][\/vc_column][\/vc_row]<\/p>\n<\/div>","protected":false},"excerpt":{"rendered":"[vc_row css_animation=&#8221;slideInUp&#8221;][vc_column][vc_column_text] [\/vc_column_text][\/vc_column][\/vc_row][vc_row css_animation=&#8221;slideInUp&#8221;][vc_column][vc_gmaps link=&#8221;#E-8_JTNDaWZyYW1lJTIwc3JjJTNEJTIyaHR0cHMlM0ElMkYlMkZ3d3cuZ29vZ2xlLmNvbSUyRm1hcHMlMkZkJTJGZW1iZWQlM0ZtaWQlM0QxRjhpLVBYUU9pbldjSFlfellpMUQ1OGlpTHZLT09JOCUyNmVoYmMlM0QyRTMxMkYlMjIlMjB3aWR0aCUzRCUyMjY0MCUyMiUyMGhlaWdodCUzRCUyMjQ4MCUyMiUzRSUzQyUyRmlmcmFtZSUzRQ==&#8221;][\/vc_column][\/vc_row][vc_row css_animation=&#8221;slideInUp&#8221;][vc_column css_animation=&#8221;slideInUp&#8221;][vc_column_text]Ychydig wythnosau wedyn aeth Mo a Mamgu \u00e2\u2019r broga bach i lawr at lan y m\u00f4r. Roedden nhw wedi eisiau gwneud yn si\u0175r ei bod hi wedi gwella\u2019n gyfan gwbl yn gyntaf, o\u2019i hanafiadau. Roedden nhw wedi ei chadw yn y bath yn nh\u0177 Mamgu, gyda digon o dd\u0175r&#8230; <a class=\"view-article\" href=\"https:\/\/www.childfriendlycardiff.co.uk\/cy\/prosiectau\/llwybrau-stori\/coed_y_nant\/rhan_6\/\">View Article<\/a>","protected":false},"author":3,"featured_media":0,"parent":3087,"menu_order":0,"comment_status":"closed","ping_status":"closed","template":"","meta":{"footnotes":""},"class_list":["post-3111","page","type-page","status-publish","hentry"],"_links":{"self":[{"href":"https:\/\/www.childfriendlycardiff.co.uk\/cy\/wp-json\/wp\/v2\/pages\/3111","targetHints":{"allow":["GET"]}}],"collection":[{"href":"https:\/\/www.childfriendlycardiff.co.uk\/cy\/wp-json\/wp\/v2\/pages"}],"about":[{"href":"https:\/\/www.childfriendlycardiff.co.uk\/cy\/wp-json\/wp\/v2\/types\/page"}],"author":[{"embeddable":true,"href":"https:\/\/www.childfriendlycardiff.co.uk\/cy\/wp-json\/wp\/v2\/users\/3"}],"replies":[{"embeddable":true,"href":"https:\/\/www.childfriendlycardiff.co.uk\/cy\/wp-json\/wp\/v2\/comments?post=3111"}],"version-history":[{"count":5,"href":"https:\/\/www.childfriendlycardiff.co.uk\/cy\/wp-json\/wp\/v2\/pages\/3111\/revisions"}],"predecessor-version":[{"id":4763,"href":"https:\/\/www.childfriendlycardiff.co.uk\/cy\/wp-json\/wp\/v2\/pages\/3111\/revisions\/4763"}],"up":[{"embeddable":true,"href":"https:\/\/www.childfriendlycardiff.co.uk\/cy\/wp-json\/wp\/v2\/pages\/3087"}],"wp:attachment":[{"href":"https:\/\/www.childfriendlycardiff.co.uk\/cy\/wp-json\/wp\/v2\/media?parent=3111"}],"curies":[{"name":"wp","href":"https:\/\/api.w.org\/{rel}","templated":true}]}}