{"id":3078,"date":"2022-01-12T09:31:20","date_gmt":"2022-01-12T09:31:20","guid":{"rendered":"https:\/\/app-cprd-childfriendly.azurewebsites.net\/?page_id=3078"},"modified":"2022-12-14T11:00:07","modified_gmt":"2022-12-14T11:00:07","slug":"rhan_5","status":"publish","type":"page","link":"https:\/\/www.childfriendlycardiff.co.uk\/cy\/prosiectau\/llwybrau-stori\/llyn_hendre\/rhan_5\/","title":{"rendered":"Rhan 5: Llyn Hendre"},"content":{"rendered":"<div class=\"wpb-content-wrapper\"><p>[vc_row][vc_column css_animation=&#8221;slideInUp&#8221;][vc_column_text]<\/p>\n<audio class=\"wp-audio-shortcode\" id=\"audio-3078-1\" preload=\"none\" style=\"width: 100%;\" controls=\"controls\"><source type=\"audio\/mpeg\" src=\"https:\/\/www.childfriendlycardiff.co.uk\/wp-content\/uploads\/Y-Don-Anferth-5.mp3?_=1\" \/><a href=\"https:\/\/www.childfriendlycardiff.co.uk\/wp-content\/uploads\/Y-Don-Anferth-5.mp3\">https:\/\/www.childfriendlycardiff.co.uk\/wp-content\/uploads\/Y-Don-Anferth-5.mp3<\/a><\/audio>\n<p>[\/vc_column_text][vc_gmaps link=&#8221;#E-8_JTNDaWZyYW1lJTIwc3JjJTNEJTIyaHR0cHMlM0ElMkYlMkZ3d3cuZ29vZ2xlLmNvbSUyRm1hcHMlMkZkJTJGZW1iZWQlM0ZtaWQlM0QxaHlTank1TV90cXZCZUI0WWpMX05XMUUxeVZGNm1qd1YlMjZlaGJjJTNEMkUzMTJGJTIyJTIwd2lkdGglM0QlMjI2NDAlMjIlMjBoZWlnaHQlM0QlMjI0ODAlMjIlM0UlM0MlMkZpZnJhbWUlM0U=&#8221;][vc_column_text]Roeddwn i wedi blino\u2019n l\u00e2n. Roedd pob rhan ohona i wedi blino. Efallai eich bod chi wedi blino nawr, ar \u00f4l y daith gerdded rydych chi wedi bod arni gyda mi, ond roedd hwn yn flinder yn wahanol i unrhyw un roeddwn i erioed wedi\u2019i deimlo o\u2019r blaen. Roedd y blinder wedi treiddio i fewn i\u2019m hesgyrn. Cerddais, gan lusgo un troed ar \u00f4l y llall, a llusgo\u2019r darnau eraill ohonof i hefyd. Llusgais fy hun adref.<\/p>\n<p>Os gallwch chi ei alw e\u2019n mynd adref. Roedd y t\u0177 yn llawn d\u0175r. Roedd popeth a oedd yn eiddo i ni \u2013 os nad oedd e wedi\u2019i gymryd gan y m\u00f4r \u2013 yn diferu\u2019n wlyb, ac yn drewi o heli\u2019r m\u00f4r. **Ceisiais dacluso, fe wnes i wir, ond doedd dim llawer o bwynt heb Mam yno. Yn y diwedd, eisteddais i a Betsi ar y llawr carreg llaith ac aros.\u00a0\u00a0\u00a0\u00a0 Ein cymydog a ddaeth o hyd i ni. **Roedd hi wedi bod yn sgw\u00e2r y pentref pan ddaeth y m\u00f4r, ac roedd hi wedi llwyddo i ddringo i do\u2019r dafarn gyda hanner dwsin o rai eraill oedd wedi cyrraedd yno mewn pryd. Roedd hi wedi gwylio wrth i hanner y pentref gael ei ysgubo i ffwrdd, wrth i anifeiliaid a chnydau a choed a phobl hwylio heibio yn y llifddwr.<\/p>\n<p>\u201cTyrd i&#8217;r eglwys, Cyw,\u201d meddai hi wrtha i. \u201cMae yna d\u00e2n wedi cynnau, a diodydd poeth, a dillad cynnes. Byddwn yn gofalu amdanoch chi nawr.\u201d<\/p>\n<p>\u201cWnai ddod yn fuan,\u201d dywedais wrthi. \u201cDim ond angen i mi aros am ychydig.\u201d<\/p>\n<p>Ceisiodd a cheisiodd, ond yn y diwedd aeth hi i ffwrdd, gan glicio\u2019i thafod yn siomedig.<\/p>\n<p>Doeddwn i ddim eisiau dweud wrthi mai\u2019r rheswm roeddwn i\u2019n aros oedd i Mam ddod yn \u00f4l. Roeddwn i\u2019n gwybod y byddai hi\u2019n meddwl fy mod wedi colli fy meddwl. Ni ddaeth y bobl oedd wedi eu cymryd gan y m\u00f4r yn \u00f4l. Roedd y m\u00f4r yn eu perthyn nhw nawr.<\/p>\n<p>Ond allwn i ddim dweud wrthi fod Mam yn wahanol. Roedd Mam yn gwybod pethau nad oedd pobl eraill yn eu gwneud. Roedd hi\u2019n glyfar. Byddai\u2019n dod o hyd i ffordd i ddod yn \u00f4l ataf.<\/p>\n<p>Wn i ddim pa mor hir yr arhosais i. Syrthiais i gysgu eto, am amser hir, hir. Efallai wnes i gysgu am ddyddiau. Wythnosau, efallai.<\/p>\n<p>Dim ond un darn o stori sydd ar \u00f4l. Sai\u2019n gwybod os ydw i\u2019n barod i ffarwelio \u00e2 ti eto. Beth am i ti gymryd dy amser wrth i ti gerdded i\u2019r man olaf? A meddylia amdanaf i, yn eistedd yno ar y llawr carreg oer, yn aros ac yn gobeithio. Hwn oedd arosiad hiraf fy mywyd i gyd.[\/vc_column_text][vc_single_image image=&#8221;3653&#8243; img_size=&#8221;medium&#8221; alignment=&#8221;center&#8221;][vc_raw_html]JTNDZGl2JTIwaWQlM0QlMjJzdG9yeXRyYWlsJTIyJTNFJTNDYSUyMGhyZWYlM0QlMjIlMkZjeSUyRnByb3NpZWN0YXUlMkZsbHd5YnJhdS1zdG9yaSUyRmxseW5faGVuZHJlJTJGJTIyJTIwdGl0bGUlM0QlMjJMbHd5YnJhdSUyMEhhZmFuJTIyJTNFSGFmYW4lM0MlMkZhJTNFJTIwJTdDJTIwJTNDYSUyMGhyZWYlM0QlMjIlMkZjeSUyRnByb3NpZWN0YXUlMkZsbHd5YnJhdS1zdG9yaSUyRmxseW5faGVuZHJlJTJGcmhhbl8xJTJGJTIyJTIwdGl0bGUlM0QlMjJFd2NoJTIwaSUyMHJoYW4lMjAxJTIyJTNFUmhhbiUyMDElM0MlMkZhJTNFJTIwJTdDJTIwJTNDYSUyMGhyZWYlM0QlMjIlMkZjeSUyRnByb3NpZWN0YXUlMkZsbHd5YnJhdS1zdG9yaSUyRmxseW5faGVuZHJlJTJGcmhhbl8yJTJGJTIyJTIwdGl0bGUlM0QlMjJFd2NoJTIwaSUyMHJoYW4lMjAyJTIyJTNFUmhhbiUyMDIlM0MlMkZhJTNFJTIwJTdDJTIwJTNDYSUyMGhyZWYlM0QlMjIlMkZjeSUyRnByb3NpZWN0YXUlMkZsbHd5YnJhdS1zdG9yaSUyRmxseW5faGVuZHJlJTJGcmhhbl8zJTJGJTIyJTIwdGl0bGUlM0QlMjJFd2NoJTIwaSUyMHJoYW4lMjAzJTIyJTNFUmhhbiUyMDMlM0MlMkZhJTNFJTIwJTdDJTIwJTNDYSUyMGhyZWYlM0QlMjIlMkZjeSUyRnByb3NpZWN0YXUlMkZsbHd5YnJhdS1zdG9yaSUyRmxseW5faGVuZHJlJTJGcmhhbl80JTJGJTIyJTIwdGl0bGUlM0QlMjJFd2NoJTIwaSUyMHJoYW4lMjA0JTIyJTNFUmhhbiUyMDQlM0MlMkZhJTNFJTIwJTdDJTIwJTNDYSUyMGNsYXNzJTNEJTIyYWN0aXZlJTIyJTIwaHJlZiUzRCUyMiUyRmN5JTJGcHJvc2llY3RhdSUyRmxsd3licmF1LXN0b3JpJTJGbGx5bl9oZW5kcmUlMkZyaGFuXzUlMkYlMjIlMjB0aXRsZSUzRCUyMkV3Y2glMjBpJTIwcmhhbiUyMDUlMjIlM0VSaGFuJTIwNSUzQyUyRmElM0UlMjAlN0MlMjAlM0NhJTIwaHJlZiUzRCUyMiUyRmN5JTJGcHJvc2llY3RhdSUyRmxsd3licmF1LXN0b3JpJTJGbGx5bl9oZW5kcmUlMkZyaGFuXzYlMkYlMjIlMjB0aXRsZSUzRCUyMkV3Y2glMjBpJTIwcmhhbiUyMDYlMjIlM0VSaGFuJTIwNiUzQyUyRmElM0UlM0MlMkZkaXYlM0U=[\/vc_raw_html][\/vc_column][\/vc_row]<\/p>\n<p>[vc_row][vc_column][vc_single_image image=&#8221;4718&#8243; img_size=&#8221;large&#8221; alignment=&#8221;center&#8221; onclick=&#8221;custom_link&#8221; img_link_target=&#8221;_blank&#8221; css_animation=&#8221;fadeIn&#8221; link=&#8221;https:\/\/makeyourmove.org.uk\/&#8221;][\/vc_column][\/vc_row]<\/p>\n<\/div>","protected":false},"excerpt":{"rendered":"[vc_row][vc_column css_animation=&#8221;slideInUp&#8221;][vc_column_text] [\/vc_column_text][vc_gmaps link=&#8221;#E-8_JTNDaWZyYW1lJTIwc3JjJTNEJTIyaHR0cHMlM0ElMkYlMkZ3d3cuZ29vZ2xlLmNvbSUyRm1hcHMlMkZkJTJGZW1iZWQlM0ZtaWQlM0QxaHlTank1TV90cXZCZUI0WWpMX05XMUUxeVZGNm1qd1YlMjZlaGJjJTNEMkUzMTJGJTIyJTIwd2lkdGglM0QlMjI2NDAlMjIlMjBoZWlnaHQlM0QlMjI0ODAlMjIlM0UlM0MlMkZpZnJhbWUlM0U=&#8221;][vc_column_text]Roeddwn i wedi blino\u2019n l\u00e2n. Roedd pob rhan ohona i wedi blino. Efallai eich bod chi wedi blino nawr, ar \u00f4l y daith gerdded rydych chi wedi bod arni gyda mi, ond roedd hwn yn flinder yn wahanol i unrhyw un roeddwn i erioed wedi\u2019i deimlo o\u2019r blaen. Roedd y blinder wedi&#8230; <a class=\"view-article\" href=\"https:\/\/www.childfriendlycardiff.co.uk\/cy\/prosiectau\/llwybrau-stori\/llyn_hendre\/rhan_5\/\">View Article<\/a>","protected":false},"author":3,"featured_media":0,"parent":3055,"menu_order":0,"comment_status":"closed","ping_status":"closed","template":"","meta":{"footnotes":""},"class_list":["post-3078","page","type-page","status-publish","hentry"],"_links":{"self":[{"href":"https:\/\/www.childfriendlycardiff.co.uk\/cy\/wp-json\/wp\/v2\/pages\/3078","targetHints":{"allow":["GET"]}}],"collection":[{"href":"https:\/\/www.childfriendlycardiff.co.uk\/cy\/wp-json\/wp\/v2\/pages"}],"about":[{"href":"https:\/\/www.childfriendlycardiff.co.uk\/cy\/wp-json\/wp\/v2\/types\/page"}],"author":[{"embeddable":true,"href":"https:\/\/www.childfriendlycardiff.co.uk\/cy\/wp-json\/wp\/v2\/users\/3"}],"replies":[{"embeddable":true,"href":"https:\/\/www.childfriendlycardiff.co.uk\/cy\/wp-json\/wp\/v2\/comments?post=3078"}],"version-history":[{"count":5,"href":"https:\/\/www.childfriendlycardiff.co.uk\/cy\/wp-json\/wp\/v2\/pages\/3078\/revisions"}],"predecessor-version":[{"id":4733,"href":"https:\/\/www.childfriendlycardiff.co.uk\/cy\/wp-json\/wp\/v2\/pages\/3078\/revisions\/4733"}],"up":[{"embeddable":true,"href":"https:\/\/www.childfriendlycardiff.co.uk\/cy\/wp-json\/wp\/v2\/pages\/3055"}],"wp:attachment":[{"href":"https:\/\/www.childfriendlycardiff.co.uk\/cy\/wp-json\/wp\/v2\/media?parent=3078"}],"curies":[{"name":"wp","href":"https:\/\/api.w.org\/{rel}","templated":true}]}}