{"id":2601,"date":"2021-08-12T16:51:53","date_gmt":"2021-08-12T16:51:53","guid":{"rendered":"https:\/\/app-cprd-childfriendly.azurewebsites.net\/?page_id=2601"},"modified":"2022-03-18T16:10:04","modified_gmt":"2022-03-18T16:10:04","slug":"defnyddwyr","status":"publish","type":"page","link":"https:\/\/www.childfriendlycardiff.co.uk\/cy\/prosiectau\/defnyddwyr\/","title":{"rendered":"Defnyddwyr"},"content":{"rendered":"<div class=\"wpb-content-wrapper\"><p>[vc_row][vc_column][vc_column_text]<\/p>\n<div class=\"FFpbKc\"><\/div>\n<p id=\"c53\" class=\"oBOnKe\" style=\"text-align: center;\"><span style=\"font-size: 16px;\">Ar y dudalen hon gallwch ddod o hyd i amrywiaeth o wybodaeth ar ailgylchu i helpu i gadw Caerdydd yn lle hapus ac iach i fyw ynddo.<\/span><\/p>\n<p>[\/vc_column_text][\/vc_column][\/vc_row][vc_row][vc_column][vc_gmaps link=&#8221;#E-8_JTNDaWZyYW1lJTIwc3JjJTNEJTIyaHR0cHMlM0ElMkYlMkZ3d3cuZ29vZ2xlLmNvbSUyRm1hcHMlMkZkJTJGdSUyRjAlMkZlbWJlZCUzRm1pZCUzRDFMS1hOWEFkR0JtSkVJd05zMUI3X0lkdDRSUWdLcUxJWCUyMiUyMHdpZHRoJTNEJTIyNjQwJTIyJTIwaGVpZ2h0JTNEJTIyNDgwJTIyJTNFJTNDJTJGaWZyYW1lJTNF&#8221; title=&#8221;Lleoliadau Zero Waste Box\u2122 TerraCycle&#8221;][\/vc_column][\/vc_row][vc_row][vc_column][vc_column_text]<\/p>\n<h2 style=\"text-align: center;\">Gwybodaeth Defnyddiol<\/h2>\n<p>[\/vc_column_text][\/vc_column][\/vc_row][vc_row][vc_column width=&#8221;1\/5&#8243;][vc_column_text]<\/p>\n<p style=\"text-align: center;\"><a href=\"https:\/\/www.keepcardifftidy.com\/cy\/\">Hafan &#8211; Keep Cardiff Tidy<\/a><\/p>\n<p>[\/vc_column_text][\/vc_column][vc_column width=&#8221;1\/5&#8243;][vc_column_text]<\/p>\n<p style=\"text-align: center;\"><a href=\"https:\/\/www.keepwalestidy.cymru\/cy\">Cymraeg | Home | Keep Wales Tidy<\/a><\/p>\n<p>[\/vc_column_text][\/vc_column][vc_column width=&#8221;1\/5&#8243;][vc_column_text]<\/p>\n<p style=\"text-align: center;\"><a href=\"https:\/\/walesrecycles.org.uk\/recycling-area\/cardiff\">Gwybodaeth Ailgylchu Caerdyff | Cymru yn ailgylchu<\/a><\/p>\n<p>[\/vc_column_text][\/vc_column][vc_column width=&#8221;1\/5&#8243;][vc_column_text]<\/p>\n<p style=\"text-align: center;\"><a href=\"https:\/\/www.cardiff.gov.uk\/CYM\/preswylydd\/Sbwriel-ac-ailgylchu\/Pages\/default.aspx\">Gwastraff ac Ailgylchu (cardiff.gov.uk)<\/a><\/p>\n<p>[\/vc_column_text][\/vc_column][vc_column width=&#8221;1\/5&#8243;][vc_column_text]<\/p>\n<p style=\"text-align: center;\"><a href=\"https:\/\/greensquirrel.co.uk\/\">Green Squirrel \u00bb Creativity &amp; community for a greener future.<\/a><\/p>\n<p>[\/vc_column_text][\/vc_column][\/vc_row][vc_row][vc_column width=&#8221;1\/2&#8243;][vc_column_text]<span class=\"VIiyi\" lang=\"cy\"><span class=\"JLqJ4b ChMk0b\" data-language-for-alternatives=\"cy\" data-language-to-translate-into=\"en\" data-phrase-index=\"0\">Os oes gennych unrhyw ymholiadau yngl\u0177n \u00e2&#8217;r Rhwydwaith Diwastraff neu ein Zero Waste Boxes, cysylltwch \u00e2 ni yma:<\/span><\/span>[\/vc_column_text]\n<div class=\"wpcf7 no-js\" id=\"wpcf7-f92-o1\" lang=\"\" dir=\"ltr\" data-wpcf7-id=\"92\">\n<div class=\"screen-reader-response\"><p role=\"status\" aria-live=\"polite\" aria-atomic=\"true\"><\/p> <ul><\/ul><\/div>\n<form action=\"\/cy\/wp-json\/wp\/v2\/pages\/2601#wpcf7-f92-o1\" method=\"post\" class=\"wpcf7-form init\" aria-label=\"Contact form\" novalidate=\"novalidate\" data-status=\"init\">\n<fieldset class=\"hidden-fields-container\"><input type=\"hidden\" name=\"_wpcf7\" value=\"92\" \/><input type=\"hidden\" name=\"_wpcf7_version\" value=\"6.1.5\" \/><input type=\"hidden\" name=\"_wpcf7_locale\" value=\"\" \/><input type=\"hidden\" name=\"_wpcf7_unit_tag\" value=\"wpcf7-f92-o1\" \/><input type=\"hidden\" name=\"_wpcf7_container_post\" value=\"0\" \/><input type=\"hidden\" name=\"_wpcf7_posted_data_hash\" value=\"\" \/><input type=\"hidden\" name=\"_wpcf7_recaptcha_response\" value=\"\" \/>\n<\/fieldset>\n<p class=\"form_text\">* Gofynnol\n<\/p>\n<div class=\"form_full\">\n\t<p><label for=\"your-name\" >Enw *<\/label><br \/>\n<span class=\"wpcf7-form-control-wrap\" data-name=\"your-name\"><input size=\"40\" maxlength=\"400\" class=\"wpcf7-form-control wpcf7-text wpcf7-validates-as-required\" id=\"your-name\" autocomplete=\"given-name\" aria-required=\"true\" aria-invalid=\"false\" value=\"\" type=\"text\" name=\"your-name\" \/><\/span>\n\t<\/p>\n<\/div>\n<div class=\"form_full\">\n\t<p><label for=\"email-add\">Cyfeiriad e-bost *<\/label><br \/>\n<span class=\"wpcf7-form-control-wrap\" data-name=\"your-email-add\"><input size=\"40\" maxlength=\"400\" class=\"wpcf7-form-control wpcf7-email wpcf7-validates-as-required wpcf7-text wpcf7-validates-as-email\" id=\"email-add\" autocomplete=\"email\" aria-required=\"true\" aria-invalid=\"false\" value=\"\" type=\"email\" name=\"your-email-add\" \/><\/span>\n\t<\/p>\n<\/div>\n<div class=\"form_full\">\n\t<p><label for=\"your-message\">Eich neges *<\/label><br \/>\n<span class=\"wpcf7-form-control-wrap\" data-name=\"your-message\"><textarea cols=\"40\" rows=\"10\" maxlength=\"2000\" class=\"wpcf7-form-control wpcf7-textarea wpcf7-validates-as-required\" id=\"your-message\" aria-required=\"true\" aria-invalid=\"false\" placeholder=\"\" name=\"your-message\"><\/textarea><\/span>\n\t<\/p>\n<\/div>\n<div style=\"clear: both;\">\n<\/div>\n\n<div class=\"wpcf7-response-output\" aria-hidden=\"true\"><\/div>\n<p><input class=\"wpcf7-form-control wpcf7-submit has-spinner\" type=\"submit\" value=\"Anfon\" \/>\n<\/p>\n<\/form>\n<\/div>\n[\/vc_column][vc_column width=&#8221;1\/2&#8243;][vc_column_text]<span class=\"VIiyi\" lang=\"cy\"><span class=\"JLqJ4b ChMk0b\" data-language-for-alternatives=\"cy\" data-language-to-translate-into=\"en\" data-phrase-index=\"0\">Os oes gennych unrhyw ymholiadau yngl\u0177n \u00e2 TerraCycle\u00ae, cysylltwch \u00e2 nhw trwy eu tudalen we:<\/span> <\/span><\/p>\n<p><span class=\"VIiyi\" lang=\"cy\"><span class=\"JLqJ4b ChMk0b\" data-language-for-alternatives=\"cy\" data-language-to-translate-into=\"en\" data-phrase-index=\"2\"><a href=\"https:\/\/zerowasteboxes.terracycle.co.uk\/pages\/contact-us\">Cysylltwch \u00e2 ni &#8211; TerraCycle\u00ae UK Ltd.<\/a><\/span><\/span>[\/vc_column_text][\/vc_column][\/vc_row]<\/p>\n<\/div>","protected":false},"excerpt":{"rendered":"[vc_row][vc_column][vc_column_text] Ar y dudalen hon gallwch ddod o hyd i amrywiaeth o wybodaeth ar ailgylchu i helpu i gadw Caerdydd yn lle hapus ac iach i fyw ynddo. [\/vc_column_text][\/vc_column][\/vc_row][vc_row][vc_column][vc_gmaps link=&#8221;#E-8_JTNDaWZyYW1lJTIwc3JjJTNEJTIyaHR0cHMlM0ElMkYlMkZ3d3cuZ29vZ2xlLmNvbSUyRm1hcHMlMkZkJTJGdSUyRjAlMkZlbWJlZCUzRm1pZCUzRDFMS1hOWEFkR0JtSkVJd05zMUI3X0lkdDRSUWdLcUxJWCUyMiUyMHdpZHRoJTNEJTIyNjQwJTIyJTIwaGVpZ2h0JTNEJTIyNDgwJTIyJTNFJTNDJTJGaWZyYW1lJTNF&#8221; title=&#8221;Lleoliadau Zero Waste Box\u2122 TerraCycle&#8221;][\/vc_column][\/vc_row][vc_row][vc_column][vc_column_text] Gwybodaeth Defnyddiol [\/vc_column_text][\/vc_column][\/vc_row][vc_row][vc_column width=&#8221;1\/5&#8243;][vc_column_text] Hafan &#8211; Keep Cardiff Tidy [\/vc_column_text][\/vc_column][vc_column width=&#8221;1\/5&#8243;][vc_column_text] Cymraeg | Home | Keep Wales Tidy [\/vc_column_text][\/vc_column][vc_column width=&#8221;1\/5&#8243;][vc_column_text]&#8230; <a class=\"view-article\" href=\"https:\/\/www.childfriendlycardiff.co.uk\/cy\/prosiectau\/defnyddwyr\/\">View Article<\/a>","protected":false},"author":3,"featured_media":2597,"parent":1384,"menu_order":0,"comment_status":"closed","ping_status":"closed","template":"cfc.php","meta":{"footnotes":""},"class_list":["post-2601","page","type-page","status-publish","has-post-thumbnail","hentry"],"_links":{"self":[{"href":"https:\/\/www.childfriendlycardiff.co.uk\/cy\/wp-json\/wp\/v2\/pages\/2601","targetHints":{"allow":["GET"]}}],"collection":[{"href":"https:\/\/www.childfriendlycardiff.co.uk\/cy\/wp-json\/wp\/v2\/pages"}],"about":[{"href":"https:\/\/www.childfriendlycardiff.co.uk\/cy\/wp-json\/wp\/v2\/types\/page"}],"author":[{"embeddable":true,"href":"https:\/\/www.childfriendlycardiff.co.uk\/cy\/wp-json\/wp\/v2\/users\/3"}],"replies":[{"embeddable":true,"href":"https:\/\/www.childfriendlycardiff.co.uk\/cy\/wp-json\/wp\/v2\/comments?post=2601"}],"version-history":[{"count":5,"href":"https:\/\/www.childfriendlycardiff.co.uk\/cy\/wp-json\/wp\/v2\/pages\/2601\/revisions"}],"predecessor-version":[{"id":2803,"href":"https:\/\/www.childfriendlycardiff.co.uk\/cy\/wp-json\/wp\/v2\/pages\/2601\/revisions\/2803"}],"up":[{"embeddable":true,"href":"https:\/\/www.childfriendlycardiff.co.uk\/cy\/wp-json\/wp\/v2\/pages\/1384"}],"wp:featuredmedia":[{"embeddable":true,"href":"https:\/\/www.childfriendlycardiff.co.uk\/cy\/wp-json\/wp\/v2\/media\/2597"}],"wp:attachment":[{"href":"https:\/\/www.childfriendlycardiff.co.uk\/cy\/wp-json\/wp\/v2\/media?parent=2601"}],"curies":[{"name":"wp","href":"https:\/\/api.w.org\/{rel}","templated":true}]}}