{"id":2079,"date":"2021-03-11T13:54:15","date_gmt":"2021-03-11T13:54:15","guid":{"rendered":"https:\/\/app-cprd-childfriendly.azurewebsites.net\/?page_id=2079"},"modified":"2021-08-12T14:43:13","modified_gmt":"2021-08-12T14:43:13","slug":"rhan_6","status":"publish","type":"page","link":"https:\/\/www.childfriendlycardiff.co.uk\/cy\/prosiectau\/llwybrau-stori\/fferm_y_fforest\/rhan_6\/","title":{"rendered":"Rhan 6"},"content":{"rendered":"<div class=\"wpb-content-wrapper\"><p>[vc_row][vc_column css_animation=&#8221;slideInUp&#8221;][vc_column_text]<\/p>\n<audio class=\"wp-audio-shortcode\" id=\"audio-2079-1\" preload=\"none\" style=\"width: 100%;\" controls=\"controls\"><source type=\"audio\/mpeg\" src=\"https:\/\/www.childfriendlycardiff.co.uk\/wp-content\/uploads\/FF-6-CYM.mp3?_=1\" \/><a href=\"https:\/\/www.childfriendlycardiff.co.uk\/wp-content\/uploads\/FF-6-CYM.mp3\">https:\/\/www.childfriendlycardiff.co.uk\/wp-content\/uploads\/FF-6-CYM.mp3<\/a><\/audio>\n<p>[\/vc_column_text][vc_gmaps link=&#8221;#E-8_JTNDaWZyYW1lJTIwc3JjJTNEJTIyaHR0cHMlM0ElMkYlMkZ3d3cuZ29vZ2xlLmNvbSUyRm1hcHMlMkZkJTJGdSUyRjAlMkZlbWJlZCUzRm1pZCUzRDFSVEt5TXdWbUdPc2k4TEVrZG5LOVROYWt6dVNjYVJMayUyMiUyMHdpZHRoJTNEJTIyNjQwJTIyJTIwaGVpZ2h0JTNEJTIyNDgwJTIyJTNFJTNDJTJGaWZyYW1lJTNF&#8221;][vc_column_text]Nid oedd Llygoden erioed wedi bod i\u2019r guddfan adar o\u2019r blaen. Rhywle ble ddaeth pobl oedd hi, ac er chwaith y ffaith eu bod nhw\u2019n trio bod yn dawel, roedden nhw\u2019n gwneud iddo fe deimlo\u2019n ofnus. Felly wrth i ti gropian lan ato fe heddiw, cadwa dy lais i lawr. Rhag ofn bod Llygoden neu rai greaduriaid eraill o amgylch.<\/p>\n<p>Allan ar y gwlyptir roedd nifer fawr o adar. Ceisiodd Llygoden i alw arnyn nhw ond nid oedd y rhan fwyaf ohonyn nhw felse bod nhw\u2019n ei ddeall. Neu roedden nhw\u2019n rhy brysur am eu busnes nhw. Dechreuodd e golli gobaith. Roedd Llwynog yn gywir. Roedd e lot yn rhy fach i neud gwahaniaeth. A nid oedd yr adar eisiau helpu&#8230;efallai dim ond eisiau helpu eu hun roedden nhw&#8230;<\/p>\n<p>Erbyn hwn roedd yr haul ar fin codi eto. Roedd y bore wedi dod. Roedd Llygoden wedi colli trac o amser yn llwyr. Nid oedd ganddo fe glem am ba mor hir roedd e wedi bod yn teithio.<\/p>\n<p>Cwtshiodd e i lawr yn y gwair hir a rhoi ei bawennau dros ei lygaid. Roedd e mor flinedig. Gyd roedd e am ei wneud oedd cysgu. Doedd dim ots os oedd e\u2019n rhoi lan, nag oedd? Doedd dim ots achos nid oedd neb wir yn dibynnu arno fe. Byddai\u2019r dyn gwyrdd yn gallu dod o hyd i rywun arall i gyflawni\u2019r dasg, rhywun oedd lot yn fwy addas i wneud rywbeth mor bwysig. Rhywun clyfar fel Llwynog, neu gryf fel Mochyn Daear, neu ddoeth fel Tylluan.<\/p>\n<p>Ar y funud honno, teimlodd Llygoden rywbeth meddal yn brwshio yn ei erbyn. Agorodd ei lygaid mewn braw ond nid oedd yna unrywbeth yno. Ymhell, bell, uwch ei ben roedd yna smwt fach ddu yn ymdroelli.<\/p>\n<p>Caeodd Llygoden ei lygaid eto a tro yma clywodd e swn adenydd a daeth yr un teimlad meddal a tro \u2019ma agorodd ei lygaid i weld aderyn bach du yn hofran uwch ei ben.<\/p>\n<p>\u201cPwy wyt ti?\u201d gofynnodd.<\/p>\n<p>\u201cGwennol ydw i,\u201d meddai Gwennol mewn llais uchel. \u201cA ti yw Llygoden a mi rwyt ti ar daith. Mae newyddion am dy daith di wedi ymestyn ymhell ar draws y byd a dyna sut glywais i amdani.\u201d<\/p>\n<p>\u201cYdw, fi yw Llygoden,\u201d meddai Llygoden, ac er chwaith ei fod e mor flinedig, dyma fe\u2019n ailadrodd beth dywedodd e i holl greaduriaid eraill y goedwig. \u201cRydw i ar daith. Taith arbennig ar gyfer holl greaduriaid eraill y goedwig. Mae\u2019r dyn gwyrdd wedi gofyn i fi i ddod o hyd i enw coll yr hen goeden, achos rydym ni wedi\u2019i anghofio, ac hebddo, bydd yr hen goeden yn marw. Ac heb yr hen goeden, bydd y goedwig hefyd yn marw. Achos rydym ni gyd yn ein cysylltu.\u201d<\/p>\n<p>Daeth Gwennol i ymdroelli lawr ac hongian yn yr awyr uwchben Llygoden.<\/p>\n<p>\u201cMi rwyt ti wir yn Lygoden Ddewr,\u201d meddai hi.<\/p>\n<p>\u201cNac ydw,\u201d dywedodd Llygoden. \u201cAchos nid ydw i wedi bod yn llwyddiannus. Dwi wedi trio fy ngorau glas. Dwi wedi cerdded a cherdded. Am filltiroedd a milltiroedd a milltiroedd. My fy mhawennau wedi blino, mae fy nghynffon wedi blino, mae fy nhrwyn a fy nghlustiau a fy llygaid wedi blino, ond dwi ddim wedi dod o hyd i enw coll yr hen goeden. Dwi wedi ffaelu. A nawr fe fydd yr hen goeden yn marw. Ac wedyn fe fydd y goedwig yn mynd yn s\u00e2l ac yn marw hefyd. Achos nes i ddim llwyddo i gyflawni tasg y dyn gwyrdd.\u201d<\/p>\n<p>\u201cNid dy fai di yw hi,\u201d meddai Gwennol. Hedfanodd hi i lawr a glanio ar gangen coeden. Nid oedd hi\u2019n edrych fel petai roedd hi\u2019n glanio\u2019n aml. Roedd hi\u2019n gwybod sut i gysgu ac hedfan ar yr un pryd. Ond am unwaith roedd hi am stopio fel bod hi\u2019n gallu siarad gyda Llygoden. \u201cDwi wedi hedfan am amser hir iawn,\u201d dywedodd hi. \u201cAr draws y byd. Cannoedd ar filoedd o filtiroedd. A dwi wedi gweld sut mae\u2019r hen goeden yn cysylltu gyda popeth yn y byd. Sut mae popeth yn cael eu dal mewn cydbwysedd ganddi hi. Ond dwi hefyd wedi gweld sut y gall pethau gael eu hadnewyddu, eu hail-wneud, os rydym ni\u2019n gweithio gyda\u2019n gilydd.\u201d<\/p>\n<p>\u201cGan dy fod ti wedi teithio mor bell, wyt ti\u2019n gwybod enw\u2019r hen goeden?\u201d<\/p>\n<p>\u201cNac ydw,\u201d meddai Gwennol. \u201cMae\u2019r gwybodaeth \u2019na ar goll am byth. Nid oes neb yn gwybod enw coll y goeden nawr.\u201d<\/p>\n<p>Suddodd galon Llygoden. Dyna oedd y diwedd arni felly. Byddai\u2019r goeden yn marw. Byddai\u2019r goedwig hefyd yn marw. Nid odd yna dim byd i\u2019w wneud.<\/p>\n<p>\u201cOnd,\u201d meddai Gwennol, \u201cmae yna ffordd arall.\u201d<\/p>\n<p>\u201cFfordd arall?\u201d<\/p>\n<p>\u201cWeithiau, pan mae pethau wedi cael eu colli am byth, mae\u2019n rhaid i ni alaru drostyn nhw. Ac wedyn, mae\u2019n rhaid i ni symud ymlaen a chreu pethau newydd. Dwi\u2019n gwybod dy fod ti wedi bod yn casglu anrhegion ar gyfer yr hen goeden. Dwi\u2019n gwybod dy fod ti wedi bod yn meddwl amdani hi ac wedi adrodd ei stori i\u2019r anifeiliaid eraill. Gwaith da oedd hwnna, Llygoden. Nawr, mae angen i ti feddwl am enw newydd i\u2019r hen goeden, a\u2019i rannu gyda\u2019r holl greaduriaid eraill, ac yn y ffordd \u2019na, bydd yr hen goeden yn cael ei hadnewyddu, a bydd bywyd yn dychwelydd iddi, a bydd cydbwysedd yn dod yn \u00f4l i\u2019r goedwig.\u201d<\/p>\n<p>Tyfodd obaith yng nghalon Llygoden. Gymaint o obaith nes bod e\u2019n dychmygu ei fod e wedi tyfu i bum waith ei faint, er mewn gwirionedd nath e aros yn lygoden fach iawn. \u201cTi\u2019n siwr bydd hwn yn gweithio, Gwennol?\u201d<\/p>\n<p>\u201cDyma yw\u2019r unig ffordd,\u201d meddai Gwennol.<\/p>\n<p>Felly dyma Llygoden yn dweud diolch iddi, a dechrau ar ei daith hir yn \u00f4l i\u2019r goeden. Ac wrth iddo fe fynd, cariodd e\u2019i holl anrhegion ar ei chyfer hi. A chynlluniodd pa enw dylai rhoi iddi hi. Gallet ti ei helpu fe, hefyd. Meddyliodd a meddyliodd, ac wrth iddo fe gerdded, dyma nifer fawr o greaduriaid eraill y goedwig yn ymuno ar ei daith. Daeth Tylluan, a Dyfrgi, a Glas y Dorlan. Hedfanodd Cr\u00ebyr uwchben. Dyma I\u00e2r Fach y Dwr yn sgytlo tu \u00f4l, tra\u2019n cwyno bod ganddi hi bethau i\u2019w wneud. Dyma Llwynog hyd yn oed yn dod.<\/p>\n<p>Wrth iddyn nhw gerdded, dyma nhw\u2019n siarad am Llygoden. Llygoden ddewr. Llygoden oedd wedi cyflawni ei dasg hollbwysig. Llygoden oedd wedi gweithio mor galed ac wedi aros mor gadarn.<\/p>\n<p>A phan gyrhaeddodd Llygoden yr hen goeden, beth wyt ti\u2019n feddwl digwyddodd? Mae\u2019n amser mynd yno, i ffeindio allan![\/vc_column_text][vc_single_image image=&#8221;2006&#8243; img_size=&#8221;medium&#8221; alignment=&#8221;center&#8221;][vc_raw_html]JTNDZGl2JTIwaWQlM0QlMjJzdG9yeXRyYWlsJTIyJTNFJTNDYSUyMGhyZWYlM0QlMjIlMkZjeSUyRnByb3NpZWN0YXUlMkZsbHd5YnJhdS1zdG9yaSUyRmZmZXJtX3lfZmZvcmVzdCUyRiUyMiUyMHRpdGxlJTNEJTIyTGx3eWJyYXUlMjBIYWZhbiUyMiUzRUhhZmFuJTNDJTJGYSUzRSUyMCU3QyUyMCUzQ2ElMjBocmVmJTNEJTIyJTJGY3klMkZwcm9zaWVjdGF1JTJGbGx3eWJyYXUtc3RvcmklMkZmZmVybV95X2Zmb3Jlc3QlMkZyaGFuXzElMkYlMjIlMjB0aXRsZSUzRCUyMkV3Y2glMjBpJTIwcmhhbiUyMDElMjIlM0VSaGFuJTIwMSUzQyUyRmElM0UlMjAlN0MlMjAlM0NhJTIwaHJlZiUzRCUyMiUyRmN5JTJGcHJvc2llY3RhdSUyRmxsd3licmF1LXN0b3JpJTJGZmZlcm1feV9mZm9yZXN0JTJGcmhhbl8yJTJGJTIyJTIwdGl0bGUlM0QlMjJFd2NoJTIwaSUyMHJoYW4lMjAyJTIyJTNFUmhhbiUyMDIlM0MlMkZhJTNFJTIwJTdDJTIwJTNDYSUyMGhyZWYlM0QlMjIlMkZjeSUyRnByb3NpZWN0YXUlMkZsbHd5YnJhdS1zdG9yaSUyRmZmZXJtX3lfZmZvcmVzdCUyRnJoYW5fMyUyRiUyMiUyMHRpdGxlJTNEJTIyRXdjaCUyMGklMjByaGFuJTIwMyUyMiUzRVJoYW4lMjAzJTNDJTJGYSUzRSUyMCU3QyUyMCUzQ2ElMjBocmVmJTNEJTIyJTJGY3klMkZwcm9zaWVjdGF1JTJGbGx3eWJyYXUtc3RvcmklMkZmZmVybV95X2Zmb3Jlc3QlMkZyaGFuXzQlMkYlMjIlMjB0aXRsZSUzRCUyMkV3Y2glMjBpJTIwcmhhbiUyMDQlMjIlM0VSaGFuJTIwNCUzQyUyRmElM0UlMjAlN0MlMjAlM0NhJTIwaHJlZiUzRCUyMiUyRmN5JTJGcHJvc2llY3RhdSUyRmxsd3licmF1LXN0b3JpJTJGZmZlcm1feV9mZm9yZXN0JTJGcmhhbl81JTJGJTIyJTIwdGl0bGUlM0QlMjJFd2NoJTIwaSUyMHJoYW4lMjA1JTIyJTNFUmhhbiUyMDUlM0MlMkZhJTNFJTIwJTdDJTIwJTNDYSUyMGNsYXNzJTNEJTIyYWN0aXZlJTIyJTIwaHJlZiUzRCUyMiUyRmN5JTJGcHJvc2llY3RhdSUyRmxsd3licmF1LXN0b3JpJTJGZmZlcm1feV9mZm9yZXN0JTJGcmhhbl82JTJGJTIyJTIwdGl0bGUlM0QlMjJFd2NoJTIwaSUyMHJoYW4lMjA2JTIyJTNFUmhhbiUyMDYlM0MlMkZhJTNFJTIwJTdDJTIwJTNDYSUyMGhyZWYlM0QlMjIlMkZjeSUyRnByb3NpZWN0YXUlMkZsbHd5YnJhdS1zdG9yaSUyRmZmZXJtX3lfZmZvcmVzdCUyRnJoYW5fNyUyRiUyMiUyMHRpdGxlJTNEJTIyRXdjaCUyMGklMjByaGFuJTIwNyUyMiUzRVJoYW4lMjA3JTNDJTJGYSUzRSUzQyUyRmRpdiUzRQ==[\/vc_raw_html][\/vc_column][\/vc_row]<\/p>\n<\/div>","protected":false},"excerpt":{"rendered":"[vc_row][vc_column css_animation=&#8221;slideInUp&#8221;][vc_column_text] [\/vc_column_text][vc_gmaps link=&#8221;#E-8_JTNDaWZyYW1lJTIwc3JjJTNEJTIyaHR0cHMlM0ElMkYlMkZ3d3cuZ29vZ2xlLmNvbSUyRm1hcHMlMkZkJTJGdSUyRjAlMkZlbWJlZCUzRm1pZCUzRDFSVEt5TXdWbUdPc2k4TEVrZG5LOVROYWt6dVNjYVJMayUyMiUyMHdpZHRoJTNEJTIyNjQwJTIyJTIwaGVpZ2h0JTNEJTIyNDgwJTIyJTNFJTNDJTJGaWZyYW1lJTNF&#8221;][vc_column_text]Nid oedd Llygoden erioed wedi bod i\u2019r guddfan adar o\u2019r blaen. Rhywle ble ddaeth pobl oedd hi, ac er chwaith y ffaith eu bod nhw\u2019n trio bod yn dawel, roedden nhw\u2019n gwneud iddo fe deimlo\u2019n ofnus. Felly wrth i ti gropian lan ato fe heddiw, cadwa dy lais i lawr. Rhag ofn&#8230; <a class=\"view-article\" href=\"https:\/\/www.childfriendlycardiff.co.uk\/cy\/prosiectau\/llwybrau-stori\/fferm_y_fforest\/rhan_6\/\">View Article<\/a>","protected":false},"author":3,"featured_media":0,"parent":2007,"menu_order":0,"comment_status":"closed","ping_status":"closed","template":"cfc.php","meta":{"footnotes":""},"class_list":["post-2079","page","type-page","status-publish","hentry"],"_links":{"self":[{"href":"https:\/\/www.childfriendlycardiff.co.uk\/cy\/wp-json\/wp\/v2\/pages\/2079","targetHints":{"allow":["GET"]}}],"collection":[{"href":"https:\/\/www.childfriendlycardiff.co.uk\/cy\/wp-json\/wp\/v2\/pages"}],"about":[{"href":"https:\/\/www.childfriendlycardiff.co.uk\/cy\/wp-json\/wp\/v2\/types\/page"}],"author":[{"embeddable":true,"href":"https:\/\/www.childfriendlycardiff.co.uk\/cy\/wp-json\/wp\/v2\/users\/3"}],"replies":[{"embeddable":true,"href":"https:\/\/www.childfriendlycardiff.co.uk\/cy\/wp-json\/wp\/v2\/comments?post=2079"}],"version-history":[{"count":5,"href":"https:\/\/www.childfriendlycardiff.co.uk\/cy\/wp-json\/wp\/v2\/pages\/2079\/revisions"}],"predecessor-version":[{"id":2732,"href":"https:\/\/www.childfriendlycardiff.co.uk\/cy\/wp-json\/wp\/v2\/pages\/2079\/revisions\/2732"}],"up":[{"embeddable":true,"href":"https:\/\/www.childfriendlycardiff.co.uk\/cy\/wp-json\/wp\/v2\/pages\/2007"}],"wp:attachment":[{"href":"https:\/\/www.childfriendlycardiff.co.uk\/cy\/wp-json\/wp\/v2\/media?parent=2079"}],"curies":[{"name":"wp","href":"https:\/\/api.w.org\/{rel}","templated":true}]}}