{"id":2068,"date":"2021-03-11T08:54:45","date_gmt":"2021-03-11T08:54:45","guid":{"rendered":"https:\/\/app-cprd-childfriendly.azurewebsites.net\/?page_id=2068"},"modified":"2021-08-12T14:52:37","modified_gmt":"2021-08-12T14:52:37","slug":"rhan_3","status":"publish","type":"page","link":"https:\/\/www.childfriendlycardiff.co.uk\/cy\/prosiectau\/llwybrau-stori\/fferm_y_fforest\/rhan_3\/","title":{"rendered":"Rhan 3"},"content":{"rendered":"<div class=\"wpb-content-wrapper\"><p>[vc_row][vc_column css_animation=&#8221;slideInUp&#8221;][vc_column_text]<\/p>\n<audio class=\"wp-audio-shortcode\" id=\"audio-2068-1\" preload=\"none\" style=\"width: 100%;\" controls=\"controls\"><source type=\"audio\/mpeg\" src=\"https:\/\/www.childfriendlycardiff.co.uk\/wp-content\/uploads\/FF-3-CYM.mp3?_=1\" \/><a href=\"https:\/\/www.childfriendlycardiff.co.uk\/wp-content\/uploads\/FF-3-CYM.mp3\">https:\/\/www.childfriendlycardiff.co.uk\/wp-content\/uploads\/FF-3-CYM.mp3<\/a><\/audio>\n<p>[\/vc_column_text][vc_gmaps link=&#8221;#E-8_JTNDaWZyYW1lJTIwc3JjJTNEJTIyaHR0cHMlM0ElMkYlMkZ3d3cuZ29vZ2xlLmNvbSUyRm1hcHMlMkZkJTJGdSUyRjAlMkZlbWJlZCUzRm1pZCUzRDFSVEt5TXdWbUdPc2k4TEVrZG5LOVROYWt6dVNjYVJMayUyMiUyMHdpZHRoJTNEJTIyNjQwJTIyJTIwaGVpZ2h0JTNEJTIyNDgwJTIyJTNFJTNDJTJGaWZyYW1lJTNF&#8221;][vc_column_text]Oes roedd swn y gamlas wedi bod fel rhaeadr anferthol i Llygoden, beth wyt ti\u2019n feddwl roedd swn yr afon fel? Roedd Llygoden bron wedi\u2019i fyddaru. Nid oedd e\u2019n gallu meddwl yn syth. Roedd swn y dwr yn plymio i lawr y gored mor uchel nes bod pawennau Llygoden yn crynu. Roedd e wedi ofni gymaint. Nid oedd e byth wedi bod mor bell oddi gartre\u2019 ac mewn lle mor ofnadwY \u00e2 hwn.<\/p>\n<p>Dyma fe\u2019n cysuro\u2019i hun gyda\u2019r un geiriau. \u201cUn cam ar y tro. Rydw i\u2019n Llygoden ddewr. Bant \u00e2 fi. Bant \u00e2 fi. Bant \u00e2 fi.\u201d<\/p>\n<p>Ond nid oedd e\u2019n teimlo\u2019n ddewr iawn. Ac i fod yn onest, roedd sibrydion ac amheuaeth yr holl anifeiliaid eraill yn dechrau llenwi ei feddwl. Roedden nhw i gyd yn gwybod ei fod e\u2019n rhy fach a rhy dwp i fedru cyflawni tasg mor arbennig \u00e2 hon. Beth oedd y dyn gwyrdd wedi bod yn meddwl, yn ei drystio fe, Llygoden, gyda taith mor bwysig?<\/p>\n<p>Ceisiodd Llygoden i anwybyddu ei ofidion. Roedd e\u2019n gwrthod colli calon. Aeth ar bawennau bach crynedig i lawr tuag at lan yr afon. Yno, roedd y dwr yn creu tonnau mawr a oedd yn chwyrlio a neidio a dawnsio. Edrychodd Llygoden arno fe mewn gofid. Roedd e\u2019n gwybod, os oedd e\u2019n cwmpo fewn, byddai\u2019n cael ei \u2019sgubo lawr yr afon, a phwy \u00e2 wyr i ble aeth hi?<\/p>\n<p>Wrth iddo fe ystyried hwn, gwelodd e rywbeth yn dod tuag ato fe ar draws yr afon. Rhywbeth a oedd yn cerdded ar dau goes hir trwy\u2019r dwr gwyllt. Rhywbeth tal iawn, gyda phig hynod o hir a dau lygad bach miniog.<\/p>\n<p>Llyncodd Llygoden ei boer achos Cr\u00ebyr oedd hon a roedd Cr\u00ebyr bob amser yn llwglyd.<\/p>\n<p>Syllodd Cr\u00ebyr yn graff arno.<\/p>\n<p>\u201cRwyt ti\u2019n edrych fel un sydd ar daith,\u201d meddai hi o\u2019r diwedd.<\/p>\n<p>\u201cRydw i ar daith,\u201d meddai Llygoden, \u201ctaith arbennig, ar gyfer holl greaduriaid eraill y goedwig. Mae\u2019r dyn gwyrdd wedi gofyn i fi i ddod o hyd i enw coll yr hen goeden, achos rydym ni wedi\u2019i anghofio, ac hebddo, bydd yr hen goeden yn marw. Ac heb yr hen goeden, bydd y goedwig hefyd yn marw. Achos rydym ni gyd wedi ein cysylltu.\u201d Dywedodd e bopeth yn gyflym iawn gan obeithio na fyddai Cr\u00ebyr yn ei fwyta.<\/p>\n<p>Plygodd Cr\u00ebyr ei phig tuag at y dwr.<\/p>\n<p>\u201cRoeddwn i\u2019n gwybod bod y cydbwysedd yn anghywir,\u201d meddai o\u2019r diwedd. \u201cRydw i wedi bod yn rhodio\u2019r afon hon am amser hir iawn, iawn. Weli di faint o blu llwyd sydd gennyf i. Mae gen i bluen llwyd am bob un flwyddyn rydw i wedi bod yma ger yr afon hon a mae pethau wedi newid dros amser. Mae\u2019r dwr nawr yn lanach nag oedd hi o\u2019r blaen ac mae yna fwy o bysgod, ond dal i fod does dim digon. Nid yw hi fel dylai hi fod, fel oedd hi amser maith, maith yn \u00f4l. Mae pawb wedi anghofio enw\u2019r goeden. Ac heb enw\u2019r goeden bydd hi ar ben arnom ni. Rydw i\u2019n ddiolchgar i ti, Llygoden Ddewr, am geisio\u2019r dasg arbennig hon.\u201d<\/p>\n<p>\u201cWydda i ddim ble i fynd nesa,\u201d dywedodd Llygoden. \u201cOes yna unrhywun ti\u2019n feddwl y bydd yn gwybod enw\u2019r goeden? Danfonodd Glas y Dorlan fi yma. Ond dwi ddim yn siwr taw dyma yw\u2019r lle gywir, chwaith.\u201d<\/p>\n<p>\u201cCer yn \u00f4l i\u2019r goeden,\u201d meddai Cr\u00ebyr. \u201cTeithia yn ddyfna i fewn i\u2019w chalon a dod o hyd i\u2019w chyfrinachau. A chadwa dy obaith di, Llygoden Fach, achos gobaith fydd yn dy gario di \u2019mlan.\u201d<\/p>\n<p>Dyma Llygoden yn dweud diolch i Gr\u00ebyr a throi yn \u00f4l at y goedwig. Ond roedd e galon fach yn suddo braidd achos roedd e wedi teithio mor bell yn barod a doedd dim atebion gyda fe a dim clem ble i edrych nesa. Ond roedd e dal yn benderfynol i ddod o hyd i<\/p>\n<p>anrhegion am yr hen goeden. Felly, wrth i ti deithio gyda Llygoden ar ei siwrne nesaf, tuag at y gamlas, edrycha mas am y peth mwyaf prydferth y fedri di weld. Cymra lun ohoni a dangosa fe i\u2019r hen goeden, i\u2019w hatgoffa hi pa mor brydferth y dyle\u2019r goedwig fod, a\u2019i rhan pwysig hi mewn cadw\u2019r lle\u2019n ddiogel.[\/vc_column_text][vc_single_image image=&#8221;1734&#8243; img_size=&#8221;medium&#8221; alignment=&#8221;center&#8221;][vc_raw_html]JTNDZGl2JTIwaWQlM0QlMjJzdG9yeXRyYWlsJTIyJTNFJTNDYSUyMGhyZWYlM0QlMjIlMkZjeSUyRnByb3NpZWN0YXUlMkZsbHd5YnJhdS1zdG9yaSUyRmZmZXJtX3lfZmZvcmVzdCUyRiUyMiUyMHRpdGxlJTNEJTIyTGx3eWJyYXUlMjBIYWZhbiUyMiUzRUhhZmFuJTNDJTJGYSUzRSUyMCU3QyUyMCUzQ2ElMjBocmVmJTNEJTIyJTJGY3klMkZwcm9zaWVjdGF1JTJGbGx3eWJyYXUtc3RvcmklMkZmZmVybV95X2Zmb3Jlc3QlMkZyaGFuXzElMkYlMjIlMjB0aXRsZSUzRCUyMkV3Y2glMjBpJTIwcmhhbiUyMDElMjIlM0VSaGFuJTIwMSUzQyUyRmElM0UlMjAlN0MlMjAlM0NhJTIwaHJlZiUzRCUyMiUyRmN5JTJGcHJvc2llY3RhdSUyRmxsd3licmF1LXN0b3JpJTJGZmZlcm1feV9mZm9yZXN0JTJGcmhhbl8yJTJGJTIyJTIwdGl0bGUlM0QlMjJFd2NoJTIwaSUyMHJoYW4lMjAyJTIyJTNFUmhhbiUyMDIlM0MlMkZhJTNFJTIwJTdDJTIwJTNDYSUyMGNsYXNzJTNEJTIyYWN0aXZlJTIyJTIwaHJlZiUzRCUyMiUyRmN5JTJGcHJvc2llY3RhdSUyRmxsd3licmF1LXN0b3JpJTJGZmZlcm1feV9mZm9yZXN0JTJGcmhhbl8zJTJGJTIyJTIwdGl0bGUlM0QlMjJFd2NoJTIwaSUyMHJoYW4lMjAzJTIyJTNFUmhhbiUyMDMlM0MlMkZhJTNFJTIwJTdDJTIwJTNDYSUyMGhyZWYlM0QlMjIlMkZjeSUyRnByb3NpZWN0YXUlMkZsbHd5YnJhdS1zdG9yaSUyRmZmZXJtX3lfZmZvcmVzdCUyRnJoYW5fNCUyRiUyMiUyMHRpdGxlJTNEJTIyRXdjaCUyMGklMjByaGFuJTIwNCUyMiUzRVJoYW4lMjA0JTNDJTJGYSUzRSUyMCU3QyUyMCUzQ2ElMjBocmVmJTNEJTIyJTJGY3klMkZwcm9zaWVjdGF1JTJGbGx3eWJyYXUtc3RvcmklMkZmZmVybV95X2Zmb3Jlc3QlMkZyaGFuXzUlMkYlMjIlMjB0aXRsZSUzRCUyMkV3Y2glMjBpJTIwcmhhbiUyMDUlMjIlM0VSaGFuJTIwNSUzQyUyRmElM0UlMjAlN0MlMjAlM0NhJTIwaHJlZiUzRCUyMiUyRmN5JTJGcHJvc2llY3RhdSUyRmxsd3licmF1LXN0b3JpJTJGZmZlcm1feV9mZm9yZXN0JTJGcmhhbl82JTJGJTIyJTIwdGl0bGUlM0QlMjJFd2NoJTIwaSUyMHJoYW4lMjA2JTIyJTNFUmhhbiUyMDYlM0MlMkZhJTNFJTIwJTdDJTIwJTNDYSUyMGhyZWYlM0QlMjIlMkZjeSUyRnByb3NpZWN0YXUlMkZsbHd5YnJhdS1zdG9yaSUyRmZmZXJtX3lfZmZvcmVzdCUyRnJoYW5fNyUyRiUyMiUyMHRpdGxlJTNEJTIyRXdjaCUyMGklMjByaGFuJTIwNyUyMiUzRVJoYW4lMjA3JTNDJTJGYSUzRSUzQyUyRmRpdiUzRQ==[\/vc_raw_html][\/vc_column][\/vc_row]<\/p>\n<\/div>","protected":false},"excerpt":{"rendered":"[vc_row][vc_column css_animation=&#8221;slideInUp&#8221;][vc_column_text] [\/vc_column_text][vc_gmaps link=&#8221;#E-8_JTNDaWZyYW1lJTIwc3JjJTNEJTIyaHR0cHMlM0ElMkYlMkZ3d3cuZ29vZ2xlLmNvbSUyRm1hcHMlMkZkJTJGdSUyRjAlMkZlbWJlZCUzRm1pZCUzRDFSVEt5TXdWbUdPc2k4TEVrZG5LOVROYWt6dVNjYVJMayUyMiUyMHdpZHRoJTNEJTIyNjQwJTIyJTIwaGVpZ2h0JTNEJTIyNDgwJTIyJTNFJTNDJTJGaWZyYW1lJTNF&#8221;][vc_column_text]Oes roedd swn y gamlas wedi bod fel rhaeadr anferthol i Llygoden, beth wyt ti\u2019n feddwl roedd swn yr afon fel? Roedd Llygoden bron wedi\u2019i fyddaru. Nid oedd e\u2019n gallu meddwl yn syth. Roedd swn y dwr yn plymio i lawr y gored mor uchel nes bod pawennau Llygoden yn crynu. Roedd&#8230; <a class=\"view-article\" href=\"https:\/\/www.childfriendlycardiff.co.uk\/cy\/prosiectau\/llwybrau-stori\/fferm_y_fforest\/rhan_3\/\">View Article<\/a>","protected":false},"author":3,"featured_media":0,"parent":2007,"menu_order":0,"comment_status":"closed","ping_status":"closed","template":"cfc.php","meta":{"footnotes":""},"class_list":["post-2068","page","type-page","status-publish","hentry"],"_links":{"self":[{"href":"https:\/\/www.childfriendlycardiff.co.uk\/cy\/wp-json\/wp\/v2\/pages\/2068","targetHints":{"allow":["GET"]}}],"collection":[{"href":"https:\/\/www.childfriendlycardiff.co.uk\/cy\/wp-json\/wp\/v2\/pages"}],"about":[{"href":"https:\/\/www.childfriendlycardiff.co.uk\/cy\/wp-json\/wp\/v2\/types\/page"}],"author":[{"embeddable":true,"href":"https:\/\/www.childfriendlycardiff.co.uk\/cy\/wp-json\/wp\/v2\/users\/3"}],"replies":[{"embeddable":true,"href":"https:\/\/www.childfriendlycardiff.co.uk\/cy\/wp-json\/wp\/v2\/comments?post=2068"}],"version-history":[{"count":5,"href":"https:\/\/www.childfriendlycardiff.co.uk\/cy\/wp-json\/wp\/v2\/pages\/2068\/revisions"}],"predecessor-version":[{"id":2736,"href":"https:\/\/www.childfriendlycardiff.co.uk\/cy\/wp-json\/wp\/v2\/pages\/2068\/revisions\/2736"}],"up":[{"embeddable":true,"href":"https:\/\/www.childfriendlycardiff.co.uk\/cy\/wp-json\/wp\/v2\/pages\/2007"}],"wp:attachment":[{"href":"https:\/\/www.childfriendlycardiff.co.uk\/cy\/wp-json\/wp\/v2\/media?parent=2068"}],"curies":[{"name":"wp","href":"https:\/\/api.w.org\/{rel}","templated":true}]}}