{"id":2062,"date":"2021-03-10T16:43:45","date_gmt":"2021-03-10T16:43:45","guid":{"rendered":"https:\/\/app-cprd-childfriendly.azurewebsites.net\/?page_id=2062"},"modified":"2021-08-12T14:53:46","modified_gmt":"2021-08-12T14:53:46","slug":"rhan_2","status":"publish","type":"page","link":"https:\/\/www.childfriendlycardiff.co.uk\/cy\/prosiectau\/llwybrau-stori\/fferm_y_fforest\/rhan_2\/","title":{"rendered":"Rhan 2"},"content":{"rendered":"<div class=\"wpb-content-wrapper\"><p>[vc_row][vc_column css_animation=&#8221;slideInUp&#8221;][vc_column_text]<\/p>\n<audio class=\"wp-audio-shortcode\" id=\"audio-2062-1\" preload=\"none\" style=\"width: 100%;\" controls=\"controls\"><source type=\"audio\/mpeg\" src=\"https:\/\/www.childfriendlycardiff.co.uk\/wp-content\/uploads\/FF-2-CYM.mp3?_=1\" \/><a href=\"https:\/\/www.childfriendlycardiff.co.uk\/wp-content\/uploads\/FF-2-CYM.mp3\">https:\/\/www.childfriendlycardiff.co.uk\/wp-content\/uploads\/FF-2-CYM.mp3<\/a><\/audio>\n<p>[\/vc_column_text][vc_gmaps link=&#8221;#E-8_JTNDaWZyYW1lJTIwc3JjJTNEJTIyaHR0cHMlM0ElMkYlMkZ3d3cuZ29vZ2xlLmNvbSUyRm1hcHMlMkZkJTJGdSUyRjAlMkZlbWJlZCUzRm1pZCUzRDFSVEt5TXdWbUdPc2k4TEVrZG5LOVROYWt6dVNjYVJMayUyMiUyMHdpZHRoJTNEJTIyNjQwJTIyJTIwaGVpZ2h0JTNEJTIyNDgwJTIyJTNFJTNDJTJGaWZyYW1lJTNF&#8221;][vc_column_text]Saf yma ar bwys y bont. Gwranda ar y dwr. Gwranda&#8230;beth arall wyt ti\u2019n gallu clywed? Wyt ti\u2019n gallu clywed swn adar yn y coed? Wyt ti\u2019n gwybod pa adar sy\u2019n canu? Wyt ti\u2019n gallu clywed pethau\u2019n symud yn y llwyni?<\/p>\n<p>Does dim ots pa amser o\u2019r flwyddyn rwyt ti\u2019n dod yma, mae\u2019r lle ma\u2019n llawn bywyd. Neu, o leia, mae hi\u2019n llawn bywyd ar hyn o bryd, ond mae Llygoden yn gwybod os nad yw e\u2019n llwyddo dod o hyd i enw coll y goeden, yn ara\u2019 deg bydd bywyd yn gadael y lle \u2019ma. Dim rhagor o ganu adar. Dim rhagor o swn symud yn y llwyni. Dychmyga hwnna. Distawrwydd llwyr.<\/p>\n<p>Roedd y syniad hwn yn dychryn Llygoden yn llwyr a rhedodd i\u00e2s i lawr ei gefn. Ond roedd e hefyd wedi ofni o achos rheswm arall. Ti\u2019n gweld, nid oedd Llygoden erioed wedi bod mor bell o\u2019i gartref o\u2019r blaen. Yn wahanol i rai o\u2019r anifeiliaid mwy, roedd Llygoden fel arfer yn rhedeg pitran-pitran ar ei draed bach o amgylch yr un darn bach o dir. Roedd e\u2019n gwybod ei ddarn o dir fel cefn ei law \u2013 wel, cefn ei bawen.<\/p>\n<p>Roedd ei galon bach yn curo\u2019n galed iawn yn ei fron, a roedd e\u2019n adrodd i\u2019w hun yr un peth. \u201cBant \u00e2 fi. Bant \u00e2 fi. Bant \u00e2 fi.\u201d<\/p>\n<p>Nawr cofia roedd Llygoden lot yn llai na ti. Felly, roedd unrhywbeth rwyt ti\u2019n gallu gweld a chlywed ac arogli lot yn FWY iddo fe. Dyna pam, pan gyrhaeddodd e\u2019r bont hon, roedd e\u2019n swnio iddo fe fel bod rhaeadr anferth yn crashio o\u2019i flaen e, a phan gyrhaeddodd e\u2019r lan, gwelodd e, am y tro gynta erioed, dwr y gamlas.<\/p>\n<p>Roedd y dwr yn disgleirio gymaint nes bod e\u2019n brifo llygaid bach Llygoden. A roedd rhywbeth arall yn disgleirio hefyd. Rhywbeth bach a glas, dim llawer yn fwy na Llygoden ei hun, a oedd yn fflachio fan hyn a fan draw ar draws arwyneb y dwr.<\/p>\n<p>\u201cGlas y Dorlan!\u201d galwodd Llygoden, gan ei adnabod yn sydyn. Roedd e\u2019n gwbod bod Glas y Dorlan yn gyfrinachol iawn, fel fe, a bod e ddim yn ymddangos llawer.<\/p>\n<p>Daeth Glas y Dorlan yn fflachio fel seren bach ar draws y dwr a glanio ar y lan. Aderyn smart iawn yn ei siaced glas ac oren.<\/p>\n<p>\u201cWel, sut wyt ti, Llygoden Fach,\u201d meddai Glas y Dorlan. \u201cDoeddwn i ddim yn disgwyl dy weld di mor bell oddi adre.\u201d<\/p>\n<p>\u201cRydw i ar daith,\u201d meddai Llygoden Fach yn falch. \u201cTaith arbennig, ar gyfer holl greaduriaid eraill y goedwig. Mae\u2019r dyn gwyrdd wedi gofyn i fi i ddod o hyd i enw coll yr hen goeden, achos rydym ni wedi\u2019i anghofio, ac hebddo, bydd yr hen goeden yn marw. Ac heb yr hen goeden, bydd y goedwig hefyd yn marw. Achos rydym ni gyd wedi ein cysylltu.\u201d<\/p>\n<p>Plygodd Glas y Dorlan ei ben. \u201cRoeddwn i\u2019n gwbod bod rhywbeth yn bod. Roeddwn i\u2019n gallu teimlo fe yn y dafnau dwr oedd yn sblashio wrth i mi ddawnsio dros arwyneb y dwr. Pan rydw i\u2019n plymio i\u2019r dyfnder, mae llai a llai o bysgod ar gael i mi\u2019i fwyta. Mae<\/p>\n<p>cydbwysedd y byd yn anghywir. Heb yr hen goeden, bydd pethau\u2019n mynd yn waeth ac yn waeth.\u201d<\/p>\n<p>Dywedodd Llygoden, \u201cWyt ti\u2019n gwybod ble ddylai fynd, pwy ddylai ofyn, i ddod o hyd i enw\u2019r hen goeden?\u201d<\/p>\n<p>Meddyliodd Glas y Dorlan. \u201cNac ydw,\u201d dywedodd o\u2019r diwedd. \u201cOnd dwi\u2019n meddwl os ei di tuag at yr afon fawr, efallai gei di atebion yno. Ond mae hi\u2019n le anhysbys, lle gwyllt, lot yn fwy beryglus nag yma. Bydd yn ofalus, Llygoden Fach.\u201d<\/p>\n<p>A chododd Glas y Dorlan i\u2019r awyr ac hedfan i ffwrdd i lawr y gamlas.<\/p>\n<p>Meddyliodd Llygoden, \u201cO na. Perygl? Mae hwn i gyd yn teimlo\u2019n ormod i lygoden fach fel i. Wel bydd rhai i mi wneud y gorau o bethau.\u201d Edrychodd o\u2019i amgylch. Roedd hi mor brydferth yma wrth ymyl y gamlas. Meddyliodd am yr hen goeden, yn plygu ei phen mor drist, y dyn gwyrdd yn gwneud ei orau glas i edrych ar ei h\u00f4l hi.<\/p>\n<p>\u201cFe gasgla i anrhegion amdani hi ar fy ffordd,\u201d penderfynodd Llygoden. A gan mai ti sydd yn teithio gyda Llygoden, beth am i ti ei helpu i gasglu\u2019r anrhegion? Wedi\u2019r cyfan mae yna siawns bod gyda ti bocedi i gario pethau!<\/p>\n<p>Felly dyma yw\u2019r anrheg gyntaf. Beth am weld os wyt ti\u2019n gallu eistedd yn dawel iawn a recordio synau\u2019r lle hyfryd ma, i fynd \u00e2 nhw n\u00f4l i\u2019r hen goeden a\u2019i hatgoffa hi be ddylai\u2019r goedwig swnio fel pan mae hi\u2019n llawn bywyd. Gellid di recordio\u2019r swn ar dy ff\u00f4n neu dynnu llun yr holl synau gwahanol ti\u2019n gallu clywed.<\/p>\n<p>A phan rwyt ti wedi gorffen, rwyt ti\u2019n gallu dilyn Llygoden ar ei antur tuag at yr afon fawr. Wyt ti\u2019n gallu ei chlywed yn y pellter?<\/p>\n<p>A phaid anghofio, wrth i ti fynd, i gysuro Llygoden. \u201cBant \u00e2 fi. Bant \u00e2 fi. Bant \u00e2 fi.\u201d[\/vc_column_text][vc_single_image image=&#8221;1733&#8243; img_size=&#8221;medium&#8221; alignment=&#8221;center&#8221;][vc_raw_html]JTNDZGl2JTIwaWQlM0QlMjJzdG9yeXRyYWlsJTIyJTNFJTNDYSUyMGhyZWYlM0QlMjIlMkZjeSUyRnByb3NpZWN0YXUlMkZsbHd5YnJhdS1zdG9yaSUyRmZmZXJtX3lfZmZvcmVzdCUyRiUyMiUyMHRpdGxlJTNEJTIyTGx3eWJyYXUlMjBIYWZhbiUyMiUzRUhhZmFuJTNDJTJGYSUzRSUyMCU3QyUyMCUzQ2ElMjBocmVmJTNEJTIyJTJGY3klMkZwcm9zaWVjdGF1JTJGbGx3eWJyYXUtc3RvcmklMkZmZmVybV95X2Zmb3Jlc3QlMkZyaGFuXzElMkYlMjIlMjB0aXRsZSUzRCUyMkV3Y2glMjBpJTIwcmhhbiUyMDElMjIlM0VSaGFuJTIwMSUzQyUyRmElM0UlMjAlN0MlMjAlM0NhJTIwY2xhc3MlM0QlMjJhY3RpdmUlMjIlMjBocmVmJTNEJTIyJTJGY3klMkZwcm9zaWVjdGF1JTJGbGx3eWJyYXUtc3RvcmklMkZmZmVybV95X2Zmb3Jlc3QlMkZyaGFuXzIlMkYlMjIlMjB0aXRsZSUzRCUyMkV3Y2glMjBpJTIwcmhhbiUyMDIlMjIlM0VSaGFuJTIwMiUzQyUyRmElM0UlMjAlN0MlMjAlM0NhJTIwaHJlZiUzRCUyMiUyRmN5JTJGcHJvc2llY3RhdSUyRmxsd3licmF1LXN0b3JpJTJGZmZlcm1feV9mZm9yZXN0JTJGcmhhbl8zJTJGJTIyJTIwdGl0bGUlM0QlMjJFd2NoJTIwaSUyMHJoYW4lMjAzJTIyJTNFUmhhbiUyMDMlM0MlMkZhJTNFJTIwJTdDJTIwJTNDYSUyMGhyZWYlM0QlMjIlMkZjeSUyRnByb3NpZWN0YXUlMkZsbHd5YnJhdS1zdG9yaSUyRmZmZXJtX3lfZmZvcmVzdCUyRnJoYW5fNCUyRiUyMiUyMHRpdGxlJTNEJTIyRXdjaCUyMGklMjByaGFuJTIwNCUyMiUzRVJoYW4lMjA0JTNDJTJGYSUzRSUyMCU3QyUyMCUzQ2ElMjBocmVmJTNEJTIyJTJGY3klMkZwcm9zaWVjdGF1JTJGbGx3eWJyYXUtc3RvcmklMkZmZmVybV95X2Zmb3Jlc3QlMkZyaGFuXzUlMkYlMjIlMjB0aXRsZSUzRCUyMkV3Y2glMjBpJTIwcmhhbiUyMDUlMjIlM0VSaGFuJTIwNSUzQyUyRmElM0UlMjAlN0MlMjAlM0NhJTIwaHJlZiUzRCUyMiUyRmN5JTJGcHJvc2llY3RhdSUyRmxsd3licmF1LXN0b3JpJTJGZmZlcm1feV9mZm9yZXN0JTJGcmhhbl82JTJGJTIyJTIwdGl0bGUlM0QlMjJFd2NoJTIwaSUyMHJoYW4lMjA2JTIyJTNFUmhhbiUyMDYlM0MlMkZhJTNFJTIwJTdDJTIwJTNDYSUyMGhyZWYlM0QlMjIlMkZjeSUyRnByb3NpZWN0YXUlMkZsbHd5YnJhdS1zdG9yaSUyRmZmZXJtX3lfZmZvcmVzdCUyRnJoYW5fNyUyRiUyMiUyMHRpdGxlJTNEJTIyRXdjaCUyMGklMjByaGFuJTIwNyUyMiUzRVJoYW4lMjA3JTNDJTJGYSUzRSUzQyUyRmRpdiUzRQ==[\/vc_raw_html][\/vc_column][\/vc_row]<\/p>\n<\/div>","protected":false},"excerpt":{"rendered":"[vc_row][vc_column css_animation=&#8221;slideInUp&#8221;][vc_column_text] [\/vc_column_text][vc_gmaps link=&#8221;#E-8_JTNDaWZyYW1lJTIwc3JjJTNEJTIyaHR0cHMlM0ElMkYlMkZ3d3cuZ29vZ2xlLmNvbSUyRm1hcHMlMkZkJTJGdSUyRjAlMkZlbWJlZCUzRm1pZCUzRDFSVEt5TXdWbUdPc2k4TEVrZG5LOVROYWt6dVNjYVJMayUyMiUyMHdpZHRoJTNEJTIyNjQwJTIyJTIwaGVpZ2h0JTNEJTIyNDgwJTIyJTNFJTNDJTJGaWZyYW1lJTNF&#8221;][vc_column_text]Saf yma ar bwys y bont. Gwranda ar y dwr. Gwranda&#8230;beth arall wyt ti\u2019n gallu clywed? Wyt ti\u2019n gallu clywed swn adar yn y coed? Wyt ti\u2019n gwybod pa adar sy\u2019n canu? Wyt ti\u2019n gallu clywed pethau\u2019n symud yn y llwyni? Does dim ots pa amser o\u2019r flwyddyn rwyt ti\u2019n dod yma,&#8230; <a class=\"view-article\" href=\"https:\/\/www.childfriendlycardiff.co.uk\/cy\/prosiectau\/llwybrau-stori\/fferm_y_fforest\/rhan_2\/\">View Article<\/a>","protected":false},"author":3,"featured_media":0,"parent":2007,"menu_order":0,"comment_status":"closed","ping_status":"closed","template":"cfc.php","meta":{"footnotes":""},"class_list":["post-2062","page","type-page","status-publish","hentry"],"_links":{"self":[{"href":"https:\/\/www.childfriendlycardiff.co.uk\/cy\/wp-json\/wp\/v2\/pages\/2062","targetHints":{"allow":["GET"]}}],"collection":[{"href":"https:\/\/www.childfriendlycardiff.co.uk\/cy\/wp-json\/wp\/v2\/pages"}],"about":[{"href":"https:\/\/www.childfriendlycardiff.co.uk\/cy\/wp-json\/wp\/v2\/types\/page"}],"author":[{"embeddable":true,"href":"https:\/\/www.childfriendlycardiff.co.uk\/cy\/wp-json\/wp\/v2\/users\/3"}],"replies":[{"embeddable":true,"href":"https:\/\/www.childfriendlycardiff.co.uk\/cy\/wp-json\/wp\/v2\/comments?post=2062"}],"version-history":[{"count":5,"href":"https:\/\/www.childfriendlycardiff.co.uk\/cy\/wp-json\/wp\/v2\/pages\/2062\/revisions"}],"predecessor-version":[{"id":2737,"href":"https:\/\/www.childfriendlycardiff.co.uk\/cy\/wp-json\/wp\/v2\/pages\/2062\/revisions\/2737"}],"up":[{"embeddable":true,"href":"https:\/\/www.childfriendlycardiff.co.uk\/cy\/wp-json\/wp\/v2\/pages\/2007"}],"wp:attachment":[{"href":"https:\/\/www.childfriendlycardiff.co.uk\/cy\/wp-json\/wp\/v2\/media?parent=2062"}],"curies":[{"name":"wp","href":"https:\/\/api.w.org\/{rel}","templated":true}]}}