{"id":2058,"date":"2021-03-10T16:40:56","date_gmt":"2021-03-10T16:40:56","guid":{"rendered":"https:\/\/app-cprd-childfriendly.azurewebsites.net\/?page_id=2058"},"modified":"2021-08-12T14:54:34","modified_gmt":"2021-08-12T14:54:34","slug":"rhan_1","status":"publish","type":"page","link":"https:\/\/www.childfriendlycardiff.co.uk\/cy\/prosiectau\/llwybrau-stori\/fferm_y_fforest\/rhan_1\/","title":{"rendered":"Rhan 1"},"content":{"rendered":"<div class=\"wpb-content-wrapper\"><p>[vc_row][vc_column css_animation=&#8221;slideInUp&#8221;][vc_column_text]<\/p>\n<audio class=\"wp-audio-shortcode\" id=\"audio-2058-1\" preload=\"none\" style=\"width: 100%;\" controls=\"controls\"><source type=\"audio\/mpeg\" src=\"https:\/\/www.childfriendlycardiff.co.uk\/wp-content\/uploads\/FF-1-CYM.mp3?_=1\" \/><a href=\"https:\/\/www.childfriendlycardiff.co.uk\/wp-content\/uploads\/FF-1-CYM.mp3\">https:\/\/www.childfriendlycardiff.co.uk\/wp-content\/uploads\/FF-1-CYM.mp3<\/a><\/audio>\n<p>[\/vc_column_text][vc_gmaps link=&#8221;#E-8_JTNDaWZyYW1lJTIwc3JjJTNEJTIyaHR0cHMlM0ElMkYlMkZ3d3cuZ29vZ2xlLmNvbSUyRm1hcHMlMkZkJTJGdSUyRjAlMkZlbWJlZCUzRm1pZCUzRDFSVEt5TXdWbUdPc2k4TEVrZG5LOVROYWt6dVNjYVJMayUyMiUyMHdpZHRoJTNEJTIyNjQwJTIyJTIwaGVpZ2h0JTNEJTIyNDgwJTIyJTNFJTNDJTJGaWZyYW1lJTNF&#8221;][vc_column_text]Wyt ti\u2019n gallu dod o hyd i\u2019r hen goeden? Y goeden hynaf oll yw hi. Ti sy\u2019n gallu penderfynu pa goeden yw hi. Wyt ti\u2019n gallu gweld sut mae\u2019n edrych? Sut mae ei changhennau\u2019n plygu a chwifio yn y gwynt? Mae\u2019r hen goeden wedi bod yma am gannoedd o flynyddoedd. Dyma yw ei stori hi.<\/p>\n<p>Roedd yr hen goeden yn marw. Roedd ei changhennau\u2019n plygu\u2019n isel tua\u2019r ddaear. Roedd pawb yn y goedwig yn gwybod ei bod hi\u2019n marw, ond nid oedd neb yn gwybod sut i\u2019w gwella hi. Felly, dyma geidwad yr hen goeden, y dyn gwyrdd, yn casglu holl anifeiliad y goedwig at ei gilydd, yn y man yma, yn union ble rwyt ti\u2019n sefyll. Dyma fe\u2019n dweud, \u201cMae\u2019r hen goeden yn marw achos rydym ni, a holl greaduriaid eraill y wlad, wedi anghofio ei henw hi. Rydym ni wedi anghofio taw hi yw calon y goedwig, pa mor bwysig ydy hi. Ac os mae\u2019r hen goeden yn marw, fe fydd y goedwig, hefyd, yn marw, achos rydym ni gyd yn gysylltiedig \u00e2\u2019n gilydd.\u201d<\/p>\n<p>Aeth y dyn gwyrdd yn ei flaen. \u201cAchos bod enw\u2019r hen goeden wedi cael ei anghofio, nid yw hi\u2019n bosib i ni ei gwella hi, na diogelu\u2019r goedwig, heb gofio\u2019i henw. Ydy unrhywun yn ddigon dewr i fynd ar daith i ddod o hyd i enw\u2019r hen goeden, dod \u00e2 fe n\u00f4l yma, a gyda fe ei gwella hi ac amddiffyn y goedwig?<\/p>\n<p>Nawr, ymysg anifeiliaid y goedwig roedd yna nifer oedd yn meddwl eu bod nhw\u2019n ddigon dewr am dasg arbennig fel hwn. Roedd yna Fochyn Daear, a oedd yn gryf iawn gyda chyhyrau mawr, ond roedd Mochyn Daear gyda tymer drwg ac yn gwylltio\u2019n hawdd, felly nid oedd yr anifeiliaid eraill yn siwr taw fe oedd yr opsiwn gorau. Roedd yna Dylluan, a oedd yn hynod o ddoeth, ac yn gwybod lot o bethau nad oedd unrhywun arall yn gwybod, ond roedd hi\u2019n flinedig iawn ac weithiau\u2019n syrthio i gysgu heb rybudd yn ystod y dydd. Roedd yna Wenci, ond roedd Gwenci wedi\u2019i drysu\u2019n hawdd, ac yn aml yn arogli rhywbeth o ddiddordeb a rhedeg i ffwrdd i\u2019r cyfeiriad anghywir.<\/p>\n<p>Felly roedd yna lot fawr o ddadlau ymysg yr anifeiliaid ynglun \u00e2 phwy ddylai ymgymryd y dasg anodd a pheryglus hon. Tan fe godwyd lais bach iawn uwchben y lleill.<\/p>\n<p>\u201cYyy, fe alla i drio,\u201d meddai Llygoden.<\/p>\n<p>Nawr roedd Llygoden yn fach iawn. Roedd e\u2019n brawychu\u2019n hawdd. Roedd gyda fe goesau bach iawn ac er ei fod e\u2019n rhedeg yn gyflym iawn, cymerodd e amser hir i wneud pethau achos roedd e mor fach. Ac edrychodd yr anifeiliaid eraill ar Llygoden mewn ansicrwydd achos nid oedden nhw\u2019n meddwl ei fod e\u2019n mynd i fedru cyflawni\u2019r dasg.<\/p>\n<p>\u201cDwi ddim am gamu ar bawennau unrhywun arall,\u201d dywedodd Llygoden, \u201cdwi jyst ishe trio helpu. Dwi ddim yn ddewr iawn na chwaith yn glyfar iawn ond hoffwn i drio bod o les i bawb.\u201d<\/p>\n<p>Clywodd y dyn gwyrdd y geiriau yma, a sythodd ei ysgwyddau. \u201cLlygoden fydd yr un sydd yn teithio ymlaen i ddod o hyd i enw coll yr hen goeden a gwella\u2019r goedwig.\u201d<\/p>\n<p>A theimlodd Llygoden ei galon bitw fach yn pwmpio\u2019n galed iawn yn ei fron wrth iddo fe drio teimlo\u2019n ddewr, a thrio peidio gwrando ar swn sibrwd yr anifeiliaid eraill. Roedd e\u2019n gwybod ei bod nhw\u2019n amau nad oedd e\u2019n ddigon dewr. Achos roedd e\u2019n amau ei hun hefyd.<\/p>\n<p>\u201cBle ddylai fynd gynta?\u201d gofynnodd i\u2019w hun. \u201cYn wir does gen i ddim syniad. Dwi\u2019n siwr bod rhai o\u2019r anifeiliaid eraill lot yn fwy addas i dasg fel hon. Rydw i mor fach. Ond nath y dyn gwyrdd fy newis i felly mae\u2019n rhaid i mi fyd. Dwi\u2019n siwr bod hi\u2019n well dechrau na gerdded ling-di-long, felly bant \u00e2 fi.\u201d Ac achos roedd e\u2019n teimlo\u2019n well yn syth ar \u00f4l setlo ar gynllun, ailadroddodd e hwn i\u2019w hun wrth iddo fe redeg ar ei ffordd.<\/p>\n<p>\u201cBant \u00e2 fi. Bant \u00e2 fi. Bant \u00e2 fi.\u201d<\/p>\n<p>Efallai y gellid di \u2019neud yr un peth \u00e2 Llygoden? Beth am ei gysuro fe wrth iddo fe redeg? Mae e angen i ti deithio wrth ei ymyl. Mae e\u2019n mynd tuag at y bont.[\/vc_column_text][vc_single_image image=&#8221;1732&#8243; img_size=&#8221;medium&#8221; alignment=&#8221;center&#8221;][vc_raw_html]JTNDZGl2JTIwaWQlM0QlMjJzdG9yeXRyYWlsJTIyJTNFJTNDYSUyMGhyZWYlM0QlMjIlMkZjeSUyRnByb3NpZWN0YXUlMkZsbHd5YnJhdS1zdG9yaSUyRmZmZXJtX3lfZmZvcmVzdCUyRiUyMiUyMHRpdGxlJTNEJTIyTGx3eWJyYXUlMjBIYWZhbiUyMiUzRUhhZmFuJTNDJTJGYSUzRSUyMCU3QyUyMCUzQ2ElMjBjbGFzcyUzRCUyMmFjdGl2ZSUyMiUyMGhyZWYlM0QlMjIlMkZjeSUyRnByb3NpZWN0YXUlMkZsbHd5YnJhdS1zdG9yaSUyRmZmZXJtX3lfZmZvcmVzdCUyRnJoYW5fMSUyRiUyMiUyMHRpdGxlJTNEJTIyRXdjaCUyMGklMjByaGFuJTIwMSUyMiUzRVJoYW4lMjAxJTNDJTJGYSUzRSUyMCU3QyUyMCUzQ2ElMjBocmVmJTNEJTIyJTJGY3klMkZwcm9zaWVjdGF1JTJGbGx3eWJyYXUtc3RvcmklMkZmZmVybV95X2Zmb3Jlc3QlMkZyaGFuXzIlMkYlMjIlMjB0aXRsZSUzRCUyMkV3Y2glMjBpJTIwcmhhbiUyMDIlMjIlM0VSaGFuJTIwMiUzQyUyRmElM0UlMjAlN0MlMjAlM0NhJTIwaHJlZiUzRCUyMiUyRmN5JTJGcHJvc2llY3RhdSUyRmxsd3licmF1LXN0b3JpJTJGZmZlcm1feV9mZm9yZXN0JTJGcmhhbl8zJTJGJTIyJTIwdGl0bGUlM0QlMjJFd2NoJTIwaSUyMHJoYW4lMjAzJTIyJTNFUmhhbiUyMDMlM0MlMkZhJTNFJTIwJTdDJTIwJTNDYSUyMGhyZWYlM0QlMjIlMkZjeSUyRnByb3NpZWN0YXUlMkZsbHd5YnJhdS1zdG9yaSUyRmZmZXJtX3lfZmZvcmVzdCUyRnJoYW5fNCUyRiUyMiUyMHRpdGxlJTNEJTIyRXdjaCUyMGklMjByaGFuJTIwNCUyMiUzRVJoYW4lMjA0JTNDJTJGYSUzRSUyMCU3QyUyMCUzQ2ElMjBocmVmJTNEJTIyJTJGY3klMkZwcm9zaWVjdGF1JTJGbGx3eWJyYXUtc3RvcmklMkZmZmVybV95X2Zmb3Jlc3QlMkZyaGFuXzUlMkYlMjIlMjB0aXRsZSUzRCUyMkV3Y2glMjBpJTIwcmhhbiUyMDUlMjIlM0VSaGFuJTIwNSUzQyUyRmElM0UlMjAlN0MlMjAlM0NhJTIwaHJlZiUzRCUyMiUyRmN5JTJGcHJvc2llY3RhdSUyRmxsd3licmF1LXN0b3JpJTJGZmZlcm1feV9mZm9yZXN0JTJGcmhhbl82JTJGJTIyJTIwdGl0bGUlM0QlMjJFd2NoJTIwaSUyMHJoYW4lMjA2JTIyJTNFUmhhbiUyMDYlM0MlMkZhJTNFJTIwJTdDJTIwJTNDYSUyMGhyZWYlM0QlMjIlMkZjeSUyRnByb3NpZWN0YXUlMkZsbHd5YnJhdS1zdG9yaSUyRmZmZXJtX3lfZmZvcmVzdCUyRnJoYW5fNyUyRiUyMiUyMHRpdGxlJTNEJTIyRXdjaCUyMGklMjByaGFuJTIwNyUyMiUzRVJoYW4lMjA3JTNDJTJGYSUzRSUzQyUyRmRpdiUzRQ==[\/vc_raw_html][\/vc_column][\/vc_row]<\/p>\n<\/div>","protected":false},"excerpt":{"rendered":"[vc_row][vc_column css_animation=&#8221;slideInUp&#8221;][vc_column_text] [\/vc_column_text][vc_gmaps link=&#8221;#E-8_JTNDaWZyYW1lJTIwc3JjJTNEJTIyaHR0cHMlM0ElMkYlMkZ3d3cuZ29vZ2xlLmNvbSUyRm1hcHMlMkZkJTJGdSUyRjAlMkZlbWJlZCUzRm1pZCUzRDFSVEt5TXdWbUdPc2k4TEVrZG5LOVROYWt6dVNjYVJMayUyMiUyMHdpZHRoJTNEJTIyNjQwJTIyJTIwaGVpZ2h0JTNEJTIyNDgwJTIyJTNFJTNDJTJGaWZyYW1lJTNF&#8221;][vc_column_text]Wyt ti\u2019n gallu dod o hyd i\u2019r hen goeden? Y goeden hynaf oll yw hi. Ti sy\u2019n gallu penderfynu pa goeden yw hi. Wyt ti\u2019n gallu gweld sut mae\u2019n edrych? Sut mae ei changhennau\u2019n plygu a chwifio yn y gwynt? Mae\u2019r hen goeden wedi bod yma am gannoedd o flynyddoedd. Dyma yw&#8230; <a class=\"view-article\" href=\"https:\/\/www.childfriendlycardiff.co.uk\/cy\/prosiectau\/llwybrau-stori\/fferm_y_fforest\/rhan_1\/\">View Article<\/a>","protected":false},"author":3,"featured_media":0,"parent":2007,"menu_order":0,"comment_status":"closed","ping_status":"closed","template":"cfc.php","meta":{"footnotes":""},"class_list":["post-2058","page","type-page","status-publish","hentry"],"_links":{"self":[{"href":"https:\/\/www.childfriendlycardiff.co.uk\/cy\/wp-json\/wp\/v2\/pages\/2058","targetHints":{"allow":["GET"]}}],"collection":[{"href":"https:\/\/www.childfriendlycardiff.co.uk\/cy\/wp-json\/wp\/v2\/pages"}],"about":[{"href":"https:\/\/www.childfriendlycardiff.co.uk\/cy\/wp-json\/wp\/v2\/types\/page"}],"author":[{"embeddable":true,"href":"https:\/\/www.childfriendlycardiff.co.uk\/cy\/wp-json\/wp\/v2\/users\/3"}],"replies":[{"embeddable":true,"href":"https:\/\/www.childfriendlycardiff.co.uk\/cy\/wp-json\/wp\/v2\/comments?post=2058"}],"version-history":[{"count":5,"href":"https:\/\/www.childfriendlycardiff.co.uk\/cy\/wp-json\/wp\/v2\/pages\/2058\/revisions"}],"predecessor-version":[{"id":2738,"href":"https:\/\/www.childfriendlycardiff.co.uk\/cy\/wp-json\/wp\/v2\/pages\/2058\/revisions\/2738"}],"up":[{"embeddable":true,"href":"https:\/\/www.childfriendlycardiff.co.uk\/cy\/wp-json\/wp\/v2\/pages\/2007"}],"wp:attachment":[{"href":"https:\/\/www.childfriendlycardiff.co.uk\/cy\/wp-json\/wp\/v2\/media?parent=2058"}],"curies":[{"name":"wp","href":"https:\/\/api.w.org\/{rel}","templated":true}]}}