{"id":2013,"date":"2021-03-10T15:36:36","date_gmt":"2021-03-10T15:36:36","guid":{"rendered":"https:\/\/app-cprd-childfriendly.azurewebsites.net\/?page_id=2013"},"modified":"2021-06-01T08:44:06","modified_gmt":"2021-06-01T08:44:06","slug":"bae_caerdydd","status":"publish","type":"page","link":"https:\/\/www.childfriendlycardiff.co.uk\/cy\/prosiectau\/llwybrau-stori\/bae_caerdydd\/","title":{"rendered":"Llwybr Stori Bae Caerdydd"},"content":{"rendered":"<div class=\"wpb-content-wrapper\"><p>[vc_row css_animation=&#8221;slideInUp&#8221;][vc_column css_animation=&#8221;slideInUp&#8221;][vc_column_text]<\/p>\n<h2>Cyfoeth y M\u00f4r<\/h2>\n<p>[\/vc_column_text][vc_column_text]<\/p>\n<div>Pan mae&#8217;r morglawdd yn cael ei adeiladu, mae draig fach y m\u00f4r yn cael ei ddal yn y bae a methu mynd adref. A wnei di fynd ar antur gyda&#8217;r nos, llawn perygl, gan gwrdd \u00e2 nifer o greaduriaid Cei&#8217;r F\u00f4r-forwyn, i gael y ddraig fach adref yn ddiogel?<\/div>\n<p>[\/vc_column_text][\/vc_column][\/vc_row][vc_row css_animation=&#8221;slideInUp&#8221;][vc_column width=&#8221;1\/6&#8243;][\/vc_column][vc_column width=&#8221;2\/3&#8243;][vc_raw_html]JTNDaWZyYW1lJTIwc3JjJTNEJTIyaHR0cHMlM0ElMkYlMkZ3d3cuZ29vZ2xlLmNvbSUyRm1hcHMlMkZkJTJGZW1iZWQlM0ZtaWQlM0QxckJpWlgwRHE2ak14SUFxTlNhaUw0dTYySzVQcFhrbVIlMjIlMjB3aWR0aCUzRCUyMjY0MCUyMiUyMGhlaWdodCUzRCUyMjQ4MCUyMiUzRSUzQyUyRmlmcmFtZSUzRQ==[\/vc_raw_html][\/vc_column][vc_column width=&#8221;1\/6&#8243;][\/vc_column][\/vc_row][vc_row css_animation=&#8221;slideInUp&#8221;][vc_column width=&#8221;1\/5&#8243;][vc_single_image image=&#8221;1732&#8243; alignment=&#8221;center&#8221; onclick=&#8221;custom_link&#8221; link=&#8221;https:\/\/www.childfriendlycardiff.co.uk\/cy\/prosiectau\/llwybrau-stori\/bae_caerdydd\/rhan_1\/&#8221;][vc_column_text]<\/p>\n<h3 style=\"text-align: center;\"><a href=\"https:\/\/www.childfriendlycardiff.co.uk\/cy\/prosiectau\/llwybrau-stori\/bae_caerdydd\/rhan_1\/\">Rhan 1<\/a><\/h3>\n<p>[\/vc_column_text][\/vc_column][vc_column width=&#8221;1\/5&#8243;][vc_single_image image=&#8221;1733&#8243; alignment=&#8221;center&#8221; onclick=&#8221;custom_link&#8221; link=&#8221;https:\/\/www.childfriendlycardiff.co.uk\/cy\/prosiectau\/llwybrau-stori\/bae_caerdydd\/rhan_2\/&#8221;][vc_column_text]<\/p>\n<h3 style=\"text-align: center;\"><a href=\"https:\/\/www.childfriendlycardiff.co.uk\/cy\/prosiectau\/llwybrau-stori\/bae_caerdydd\/rhan_2\/\">Rhan 2<\/a><\/h3>\n<p>[\/vc_column_text][\/vc_column][vc_column width=&#8221;1\/5&#8243;][vc_single_image image=&#8221;1734&#8243; alignment=&#8221;center&#8221; onclick=&#8221;custom_link&#8221; link=&#8221;https:\/\/www.childfriendlycardiff.co.uk\/cy\/prosiectau\/llwybrau-stori\/bae_caerdydd\/rhan_3\/&#8221;][vc_column_text]<\/p>\n<h3 style=\"text-align: center;\"><a href=\"https:\/\/www.childfriendlycardiff.co.uk\/cy\/prosiectau\/llwybrau-stori\/bae_caerdydd\/rhan_3\/\">Rhan 3<\/a><\/h3>\n<p>[\/vc_column_text][\/vc_column][vc_column width=&#8221;1\/5&#8243;][vc_single_image image=&#8221;1735&#8243; alignment=&#8221;center&#8221; onclick=&#8221;custom_link&#8221; link=&#8221;https:\/\/www.childfriendlycardiff.co.uk\/cy\/prosiectau\/llwybrau-stori\/bae_caerdydd\/rhan_4\/&#8221;][vc_column_text]<\/p>\n<h3 style=\"text-align: center;\"><a href=\"https:\/\/www.childfriendlycardiff.co.uk\/cy\/prosiectau\/llwybrau-stori\/bae_caerdydd\/rhan_4\/\">Rhan 4<\/a><\/h3>\n<p>[\/vc_column_text][\/vc_column][vc_column width=&#8221;1\/5&#8243;][vc_single_image image=&#8221;1736&#8243; alignment=&#8221;center&#8221; onclick=&#8221;custom_link&#8221; link=&#8221;https:\/\/www.childfriendlycardiff.co.uk\/cy\/prosiectau\/llwybrau-stori\/bae_caerdydd\/rhan_5\/&#8221;][vc_column_text]<\/p>\n<h3 style=\"text-align: center;\"><a href=\"https:\/\/www.childfriendlycardiff.co.uk\/cy\/prosiectau\/llwybrau-stori\/bae_caerdydd\/rhan_5\/\">Rhan 5<\/a><\/h3>\n<p>[\/vc_column_text][\/vc_column][\/vc_row]<\/p>\n<\/div>","protected":false},"excerpt":{"rendered":"[vc_row css_animation=&#8221;slideInUp&#8221;][vc_column css_animation=&#8221;slideInUp&#8221;][vc_column_text] Cyfoeth y M\u00f4r [\/vc_column_text][vc_column_text] Pan mae&#8217;r morglawdd yn cael ei adeiladu, mae draig fach y m\u00f4r yn cael ei ddal yn y bae a methu mynd adref. A wnei di fynd ar antur gyda&#8217;r nos, llawn perygl, gan gwrdd \u00e2 nifer o greaduriaid Cei&#8217;r F\u00f4r-forwyn, i gael y ddraig fach adref yn&#8230; <a class=\"view-article\" href=\"https:\/\/www.childfriendlycardiff.co.uk\/cy\/prosiectau\/llwybrau-stori\/bae_caerdydd\/\">View Article<\/a>","protected":false},"author":3,"featured_media":0,"parent":1695,"menu_order":0,"comment_status":"closed","ping_status":"closed","template":"cfc.php","meta":{"footnotes":""},"class_list":["post-2013","page","type-page","status-publish","hentry"],"_links":{"self":[{"href":"https:\/\/www.childfriendlycardiff.co.uk\/cy\/wp-json\/wp\/v2\/pages\/2013","targetHints":{"allow":["GET"]}}],"collection":[{"href":"https:\/\/www.childfriendlycardiff.co.uk\/cy\/wp-json\/wp\/v2\/pages"}],"about":[{"href":"https:\/\/www.childfriendlycardiff.co.uk\/cy\/wp-json\/wp\/v2\/types\/page"}],"author":[{"embeddable":true,"href":"https:\/\/www.childfriendlycardiff.co.uk\/cy\/wp-json\/wp\/v2\/users\/3"}],"replies":[{"embeddable":true,"href":"https:\/\/www.childfriendlycardiff.co.uk\/cy\/wp-json\/wp\/v2\/comments?post=2013"}],"version-history":[{"count":5,"href":"https:\/\/www.childfriendlycardiff.co.uk\/cy\/wp-json\/wp\/v2\/pages\/2013\/revisions"}],"predecessor-version":[{"id":2361,"href":"https:\/\/www.childfriendlycardiff.co.uk\/cy\/wp-json\/wp\/v2\/pages\/2013\/revisions\/2361"}],"up":[{"embeddable":true,"href":"https:\/\/www.childfriendlycardiff.co.uk\/cy\/wp-json\/wp\/v2\/pages\/1695"}],"wp:attachment":[{"href":"https:\/\/www.childfriendlycardiff.co.uk\/cy\/wp-json\/wp\/v2\/media?parent=2013"}],"curies":[{"name":"wp","href":"https:\/\/api.w.org\/{rel}","templated":true}]}}